{"id":6804,"date":"2018-04-05T07:27:23","date_gmt":"2018-04-05T07:27:23","guid":{"rendered":"https:\/\/sciolive.com\/contact\/"},"modified":"2024-03-11T19:36:22","modified_gmt":"2024-03-11T19:36:22","slug":"contact","status":"publish","type":"page","link":"https:\/\/sciolive.com\/en\/contact\/","title":{"rendered":"Contact"},"content":{"rendered":"<div class=\"wpb-content-wrapper\"><p>[vc_row full_width=&#8221;stretch_row_content_no_spaces&#8221; content_placement=&#8221;middle&#8221; parallax=&#8221;content-moving&#8221; parallax_image=&#8221;5828&#8243; css=&#8221;.vc_custom_1695205066413{margin-top: 0px !important;margin-right: 0px !important;margin-bottom: 0px !important;margin-left: 0px !important;border-top-width: 0px !important;border-right-width: 0px !important;border-bottom-width: 0px !important;border-left-width: 0px !important;padding-top: 0px !important;padding-right: 0px !important;padding-bottom: 0px !important;padding-left: 0px !important;}&#8221;][vc_column]<div class=\"eltdf-elements-holder   eltdf-one-column  eltdf-responsive-mode-768 \" ><div class=\"eltdf-eh-item     \"  data-item-class=\"eltdf-eh-custom-8702\" data-1366-1600=\"222px 0px 0px 0px\" data-1024-1366=\"222px 0px 0px 0px\" data-768-1024=\"222px 0px 0px 0px\" data-680-768=\"222px 0px 0px 0px\" data-680=\"22px 0 22px 0\">\n\t\t<div class=\"eltdf-eh-item-inner\">\n\t\t<div class=\"eltdf-eh-item-content eltdf-eh-custom-8702\" style=\"padding: 50px 0 220px 0\">\n\t\t\t\t\t<\/div>\n\t<\/div>\n<\/div>\n\n<\/div><div class=\"eltdf-section-title-holder  eltdf-st-standard eltdf-st-title-left eltdf-st-normal-space \" style=\"text-align: center\">\n\t<div class=\"eltdf-st-inner\">\n\t\t\t\t\t<h1 class=\"eltdf-st-title\" style=\"color: #ffffff\">\n\t\t\t\tSCi olive \/ Contact\t\t\t<\/h1>\n\t\t\t\t\t\t\t<div class=\"eltdf-separator-holder clearfix   \">\n\t<div class=\"eltdf-separator\" style=\"border-color: #ffffff;margin-bottom: 66px\"><\/div>\n<\/div>\n\t\t\t\t\t<\/div>\n<\/div>[\/vc_column][\/vc_row][vc_row full_width=&#8221;stretch_row_content_no_spaces&#8221; content_placement=&#8221;middle&#8221; parallax=&#8221;content-moving&#8221; parallax_image=&#8221;5828&#8243; css=&#8221;.vc_custom_1695202732257{margin-top: 0px !important;margin-right: 0px !important;margin-bottom: 0px !important;margin-left: 0px !important;border-top-width: 0px !important;border-right-width: 0px !important;border-bottom-width: 0px !important;border-left-width: 0px !important;padding-top: 0px !important;padding-right: 0px !important;padding-bottom: 0px !important;padding-left: 0px !important;}&#8221;][vc_column offset=&#8221;vc_hidden-lg vc_hidden-md vc_hidden-sm vc_hidden-xs&#8221;]<div class=\"eltdf-elements-holder   eltdf-one-column  eltdf-responsive-mode-768 \" ><div class=\"eltdf-eh-item     \"  data-item-class=\"eltdf-eh-custom-3615\" data-1366-1600=\"222px 0px 0px 0px\" data-1024-1366=\"222px 0px 0px 0px\" data-768-1024=\"222px 0px 0px 0px\" data-680-768=\"222px 0px 0px 0px\" data-680=\"0px 0px 0px 0px\">\n\t\t<div class=\"eltdf-eh-item-inner\">\n\t\t<div class=\"eltdf-eh-item-content eltdf-eh-custom-3615\" style=\"padding: 50px 0 220px 0\">\n\t\t\t\t\t<\/div>\n\t<\/div>\n<\/div>\n\n<\/div><div class=\"eltdf-section-title-holder  eltdf-st-standard eltdf-st-title-left eltdf-st-normal-space \" style=\"text-align: center\">\n\t<div class=\"eltdf-st-inner\">\n\t\t\t\t\t<h2 class=\"eltdf-st-title\" style=\"color: #ffffff\">\n\t\t\t\tSCi olive \/ Contact\t\t\t<\/h2>\n\t\t\t\t\t\t\t<div class=\"eltdf-separator-holder clearfix   \">\n\t<div class=\"eltdf-separator\" style=\"border-color: #ffffff;margin-bottom: 44px\"><\/div>\n<\/div>\n\t\t\t\t\t<\/div>\n<\/div>[\/vc_column][\/vc_row][vc_row content_placement=&#8221;top&#8221; row_content_width=&#8221;grid&#8221; css=&#8221;.vc_custom_1694714155196{margin-top: 5% !important;padding-bottom: 130px !important;}&#8221;][vc_column width=&#8221;1\/2&#8243;]<div class=\"eltdf-elements-holder   eltdf-four-columns  eltdf-responsive-mode-1024 \" ><div class=\"eltdf-eh-item     \"  data-item-class=\"eltdf-eh-custom-5396\" data-1366-1600=\"0 0 0 40px\" data-1024-1366=\"0 0 0 0\" data-768-1024=\"0 0 50px 0\" data-680-768=\"0 0 50px 0\" data-680=\"0 0 50px 0\">\n\t\t<div class=\"eltdf-eh-item-inner\">\n\t\t<div class=\"eltdf-eh-item-content eltdf-eh-custom-5396\" style=\"padding: 0 0 0 0\">\n\t\t\t[vc_column_text]<\/p>\n<h3><span style=\"font-size: 22px; font-weight: 300;\">SCi olive \/ Santa Cruz Ingenier\u00eda<\/span><\/h3>\n<p>[\/vc_column_text][vc_empty_space height=&#8221;10px&#8221;]<div class=\"eltdf-iwt clearfix eltdf-iwt-icon-font  eltdf-iwt-icon-left eltdf-iwt-icon-medium\">\n\t<div class=\"eltdf-iwt-icon\">\n\t\t\t\t\t<a itemprop=\"url\" href=\"https:\/\/maps.app.goo.gl\/BE1SY3cAx1RgifMr6\" target=\"_blank\">\n\t\t\t\t\t\t\t\t\t    <span class=\"eltdf-icon-shortcode eltdf-normal   eltdf-icon-medium\"  data-hover-color=\"#ee9445\" data-color=\"#000000\">\n                    <i class=\"eltdf-icon-font-awesome fa fa-map-marker eltdf-icon-element\" style=\"color: #000000;font-size:15px\" ><\/i>            <\/span>\n\t\t\t\t\t\t\t\t<\/a>\n\t\t\t<\/div>\n\t<div class=\"eltdf-iwt-content\" >\n\t\t\t\t\t\t\t<p class=\"eltdf-iwt-text\" style=\"margin-top: 4px\">Av. San Francisco Javier 24, planta 8 mod. 11 41018 SEVILLA<\/p>\n\t\t\t<\/div>\n\t<\/div>[vc_empty_space height=&#8221;5px&#8221;]<div class=\"eltdf-iwt clearfix eltdf-iwt-icon-font  eltdf-iwt-icon-left eltdf-iwt-icon-medium\">\n\t<div class=\"eltdf-iwt-icon\">\n\t\t\t\t\t<a itemprop=\"url\" href=\"mailto:info@sciolive.com\" target=\"_self\">\n\t\t\t\t\t\t\t\t\t    <span class=\"eltdf-icon-shortcode eltdf-normal   eltdf-icon-medium\"  data-hover-color=\"#ee9445\" data-color=\"#000000\">\n                    <span aria-hidden=\"true\" class=\"eltdf-icon-font-elegant icon_mail_alt eltdf-icon-element\" style=\"color: #000000;font-size:15px\" ><\/span>            <\/span>\n\t\t\t\t\t\t\t\t<\/a>\n\t\t\t<\/div>\n\t<div class=\"eltdf-iwt-content\" >\n\t\t\t\t\t\t\t<p class=\"eltdf-iwt-text\" style=\"margin-top: 4px\">info@sciolive.com<\/p>\n\t\t\t<\/div>\n\t<\/div>[vc_empty_space height=&#8221;4px&#8221;]<div class=\"eltdf-iwt clearfix eltdf-iwt-icon-font  eltdf-iwt-icon-left eltdf-iwt-icon-medium\">\n\t<div class=\"eltdf-iwt-icon\">\n\t\t\t\t\t<a itemprop=\"url\" href=\"tel:+34%20954659324\" target=\"_self\">\n\t\t\t\t\t\t\t\t\t    <span class=\"eltdf-icon-shortcode eltdf-normal   eltdf-icon-medium\"  data-hover-color=\"#ee9445\" data-color=\"#000000\">\n                    <span aria-hidden=\"true\" class=\"eltdf-icon-font-elegant icon_phone eltdf-icon-element\" style=\"color: #000000;font-size:15px\" ><\/span>            <\/span>\n\t\t\t\t\t\t\t\t<\/a>\n\t\t\t<\/div>\n\t<div class=\"eltdf-iwt-content\" >\n\t\t\t\t\t\t\t<p class=\"eltdf-iwt-text\" style=\"margin-top: 4px\">+34 954659324<\/p>\n\t\t\t<\/div>\n\t<\/div>[vc_empty_space height=&#8221;4px&#8221;]<div class=\"eltdf-iwt clearfix eltdf-iwt-icon-font  eltdf-iwt-icon-left eltdf-iwt-icon-medium\">\n\t<div class=\"eltdf-iwt-icon\">\n\t\t\t\t\t<a itemprop=\"url\" href=\"https:\/\/www.linkedin.com\/company\/sciolive\/\" target=\"_self\">\n\t\t\t\t\t\t\t\t\t    <span class=\"eltdf-icon-shortcode eltdf-normal   eltdf-icon-medium\"  data-hover-color=\"#ee9445\" data-color=\"#000000\">\n                    <i class=\"eltdf-icon-ion-icon ion-social-linkedin eltdf-icon-element\" style=\"color: #000000;font-size:15px\" ><\/i>            <\/span>\n\t\t\t\t\t\t\t\t<\/a>\n\t\t\t<\/div>\n\t<div class=\"eltdf-iwt-content\" >\n\t\t\t\t\t\t\t<p class=\"eltdf-iwt-text\" style=\"margin-top: 4px\">Linkedin<\/p>\n\t\t\t<\/div>\n\t<\/div>\t\t<\/div>\n\t<\/div>\n<\/div>\n\n<\/div>[\/vc_column][vc_column width=&#8221;1\/2&#8243;][vc_column_text]<\/p>\n<h4 class=\"eltdf-icon-text eltdf-no-icon\">Submit this form and we will contact you as soon as possible. Thanks.<\/h4>\n<p>[\/vc_column_text][vc_empty_space height=&#8221;29px&#8221;]\n<div class=\"wpcf7 no-js\" id=\"wpcf7-f6927-o1\" lang=\"es-ES\" dir=\"ltr\" data-wpcf7-id=\"6927\">\n<div class=\"screen-reader-response\"><p role=\"status\" aria-live=\"polite\" aria-atomic=\"true\"><\/p> <ul><\/ul><\/div>\n<form action=\"\/en\/wp-json\/wp\/v2\/pages\/6804#wpcf7-f6927-o1\" method=\"post\" class=\"wpcf7-form init cf7_custom_style_1\" aria-label=\"Formulario de contacto\" novalidate=\"novalidate\" data-status=\"init\">\n<div style=\"display: none;\">\n<input type=\"hidden\" name=\"_wpcf7\" value=\"6927\" \/>\n<input type=\"hidden\" name=\"_wpcf7_version\" value=\"6.0.6\" \/>\n<input type=\"hidden\" name=\"_wpcf7_locale\" value=\"es_ES\" \/>\n<input type=\"hidden\" name=\"_wpcf7_unit_tag\" value=\"wpcf7-f6927-o1\" \/>\n<input type=\"hidden\" name=\"_wpcf7_container_post\" value=\"0\" \/>\n<input type=\"hidden\" name=\"_wpcf7_posted_data_hash\" value=\"\" \/>\n<input type=\"hidden\" name=\"_cf7a__timestamp\" value=\"YI38Ph80tCkZQQ6djOBNBw==\" \/>\n<input type=\"hidden\" name=\"_cf7a_version\" value=\"1.0\" \/>\n<input type=\"hidden\" name=\"_cf7a_address\" value=\"+XZrv7qozfyfkuteiBMVpQ==\" \/>\n<input type=\"hidden\" name=\"_cf7a_referer\" value=\"WEIAMpLbqTKvgiM8WBc6rw==\" \/>\n<input type=\"hidden\" name=\"_cf7a_protocol\" value=\"K2Q2gC7dzdlrzajyrstP9A==\" \/>\n<input type=\"hidden\" name=\"_cf7a_bot_fingerprint\" value=\"YI38Ph80tCkZQQ6djOBNBw==\" \/>\n<input type=\"hidden\" name=\"_cf7a_bot_fingerprint_extras\" value=\"\" \/>\n<input type=\"hidden\" name=\"_cf7a_append_on_submit\" value=\"\" \/>\n<\/div>\n<p><label> Name<br \/>\n<span class=\"wpcf7-form-control-wrap\" data-name=\"your-name\"><input type=\"text\" name=\"name\" value=\"\" autocomplete=\"fill\" class=\"fit-the-fullspace\" aria-hidden=\"true\" tabindex=\"-1\" \/><input size=\"40\" maxlength=\"400\" class=\"wpcf7-form-control wpcf7-text wpcf7-validates-as-required\" autocomplete=\"name\" aria-required=\"true\" aria-invalid=\"false\" value=\"\" type=\"text\" name=\"your-name\" \/><\/span> <\/label>\n<\/p>\n<p><label> Email<br \/>\n<span class=\"wpcf7-form-control-wrap\" data-name=\"your-email\"><input size=\"40\" maxlength=\"400\" class=\"wpcf7-form-control wpcf7-email wpcf7-validates-as-required wpcf7-text wpcf7-validates-as-email\" autocomplete=\"email\" aria-required=\"true\" aria-invalid=\"false\" value=\"\" type=\"email\" name=\"your-email\" \/><\/span> <\/label>\n<\/p>\n<p><label> Subjet<br \/>\n<span class=\"wpcf7-form-control-wrap\" data-name=\"your-subject\"><input size=\"40\" maxlength=\"400\" class=\"wpcf7-form-control wpcf7-text wpcf7-validates-as-required\" aria-required=\"true\" aria-invalid=\"false\" value=\"\" type=\"text\" name=\"your-subject\" \/><input type=\"text\" name=\"address\" value=\"\" autocomplete=\"fill\" class=\"fit-the-fullspace\" aria-hidden=\"true\" tabindex=\"-1\" \/><\/span> <\/label>\n<\/p>\n<p><label> Message<br \/>\n<span class=\"wpcf7-form-control-wrap\" data-name=\"your-message\"><textarea cols=\"40\" rows=\"10\" maxlength=\"2000\" class=\"wpcf7-form-control wpcf7-textarea\" aria-invalid=\"false\" name=\"your-message\"><\/textarea><\/span> <\/label>\n<\/p>\n<p><input class=\"wpcf7-form-control wpcf7-submit has-spinner\" type=\"submit\" value=\"Send\" \/>\n<\/p><p style=\"display: none !important;\" class=\"akismet-fields-container\" data-prefix=\"_wpcf7_ak_\"><label>&#916;<textarea name=\"_wpcf7_ak_hp_textarea\" cols=\"45\" rows=\"8\" maxlength=\"100\"><\/textarea><\/label><input type=\"hidden\" id=\"ak_js_1\" name=\"_wpcf7_ak_js\" value=\"238\"\/><script>document.getElementById( \"ak_js_1\" ).setAttribute( \"value\", ( new Date() ).getTime() );<\/script><\/p><div class=\"wpcf7-response-output\" aria-hidden=\"true\"><\/div>\n<\/form>\n<\/div>\n[\/vc_column][\/vc_row]<\/p>\n<\/div>","protected":false},"excerpt":{"rendered":"<p>[vc_row full_width=&#8221;stretch_row_content_no_spaces&#8221; content_placement=&#8221;middle&#8221; parallax=&#8221;content-moving&#8221; parallax_image=&#8221;5828&#8243; css=&#8221;.vc_custom_1695205066413{margin-top: 0px !important;margin-right: 0px !important;margin-bottom: 0px !important;margin-left: 0px !important;border-top-width: 0px !important;border-right-width: 0px !important;border-bottom-width: 0px !important;border-left-width: 0px !important;padding-top: 0px !important;padding-right: 0px !important;padding-bottom: 0px !important;padding-left: 0px !important;}&#8221;][vc_column][\/vc_column][\/vc_row][vc_row full_width=&#8221;stretch_row_content_no_spaces&#8221; content_placement=&#8221;middle&#8221; parallax=&#8221;content-moving&#8221; parallax_image=&#8221;5828&#8243; css=&#8221;.vc_custom_1695202732257{margin-top: 0px !important;margin-right: 0px !important;margin-bottom: 0px [&hellip;]<\/p>\n","protected":false},"author":1,"featured_media":0,"parent":0,"menu_order":0,"comment_status":"closed","ping_status":"closed","template":"full-width.php","meta":{"footnotes":""},"class_list":["post-6804","page","type-page","status-publish","hentry"],"yoast_head":"<!-- This site is optimized with the Yoast SEO plugin v25.3 - https:\/\/yoast.com\/wordpress\/plugins\/seo\/ -->\n<title>Contact - SCi Olive - Santa Cruz Ingenier\u00eda<\/title>\n<meta name=\"description\" content=\"SCi Olive - Santa Cruz Ingenier\u00eda Empresa de ingenier\u00eda con m\u00e1s de 20 a\u00f1os de experiencia en asesoramiento agron\u00f3mico e I+D en el sector del olivar. Optimizamos cultivos y procesos para obtener aceites de oliva de alta calidad, gestionando m\u00e1s de 1.000 hect\u00e1reas en C\u00f3rdoba, Sevilla, Huelva y Badajoz. Innovamos en gen\u00e9tica, extractos y sostenibilidad.\" \/>\n<meta name=\"robots\" content=\"index, follow, max-snippet:-1, max-image-preview:large, max-video-preview:-1\" \/>\n<link rel=\"canonical\" href=\"https:\/\/sciolive.com\/en\/contact\/\" \/>\n<meta property=\"og:locale\" content=\"en_US\" \/>\n<meta property=\"og:type\" content=\"article\" \/>\n<meta property=\"og:title\" content=\"Contact - SCi Olive - Santa Cruz Ingenier\u00eda\" \/>\n<meta property=\"og:description\" content=\"SCi Olive - Santa Cruz Ingenier\u00eda Empresa de ingenier\u00eda con m\u00e1s de 20 a\u00f1os de experiencia en asesoramiento agron\u00f3mico e I+D en el sector del olivar. Optimizamos cultivos y procesos para obtener aceites de oliva de alta calidad, gestionando m\u00e1s de 1.000 hect\u00e1reas en C\u00f3rdoba, Sevilla, Huelva y Badajoz. Innovamos en gen\u00e9tica, extractos y sostenibilidad.\" \/>\n<meta property=\"og:url\" content=\"https:\/\/sciolive.com\/en\/contact\/\" \/>\n<meta property=\"og:site_name\" content=\"SCi Olive - Santa Cruz Ingenier\u00eda\" \/>\n<meta property=\"article:modified_time\" content=\"2024-03-11T19:36:22+00:00\" \/>\n<meta name=\"twitter:card\" content=\"summary_large_image\" \/>\n<meta name=\"twitter:label1\" content=\"Est. reading time\" \/>\n\t<meta name=\"twitter:data1\" content=\"2 minutes\" \/>\n<script type=\"application\/ld+json\" class=\"yoast-schema-graph\">{\"@context\":\"https:\/\/schema.org\",\"@graph\":[{\"@type\":\"WebPage\",\"@id\":\"https:\/\/sciolive.com\/en\/contact\/\",\"url\":\"https:\/\/sciolive.com\/en\/contact\/\",\"name\":\"Contact - SCi Olive - Santa Cruz Ingenier\u00eda\",\"isPartOf\":{\"@id\":\"https:\/\/sciolive.com\/#website\"},\"datePublished\":\"2018-04-05T07:27:23+00:00\",\"dateModified\":\"2024-03-11T19:36:22+00:00\",\"description\":\"SCi Olive - Santa Cruz Ingenier\u00eda Empresa de ingenier\u00eda con m\u00e1s de 20 a\u00f1os de experiencia en asesoramiento agron\u00f3mico e I+D en el sector del olivar. Optimizamos cultivos y procesos para obtener aceites de oliva de alta calidad, gestionando m\u00e1s de 1.000 hect\u00e1reas en C\u00f3rdoba, Sevilla, Huelva y Badajoz. Innovamos en gen\u00e9tica, extractos y sostenibilidad.\",\"breadcrumb\":{\"@id\":\"https:\/\/sciolive.com\/en\/contact\/#breadcrumb\"},\"inLanguage\":\"en-US\",\"potentialAction\":[{\"@type\":\"ReadAction\",\"target\":[\"https:\/\/sciolive.com\/en\/contact\/\"]}]},{\"@type\":\"BreadcrumbList\",\"@id\":\"https:\/\/sciolive.com\/en\/contact\/#breadcrumb\",\"itemListElement\":[{\"@type\":\"ListItem\",\"position\":1,\"name\":\"Portada\",\"item\":\"https:\/\/sciolive.com\/en\/\"},{\"@type\":\"ListItem\",\"position\":2,\"name\":\"Contact\"}]},{\"@type\":\"WebSite\",\"@id\":\"https:\/\/sciolive.com\/#website\",\"url\":\"https:\/\/sciolive.com\/\",\"name\":\"SCi Olive - Santa Cruz Ingenier\u00eda\",\"description\":\"Ingenier\u00eda verde\",\"potentialAction\":[{\"@type\":\"SearchAction\",\"target\":{\"@type\":\"EntryPoint\",\"urlTemplate\":\"https:\/\/sciolive.com\/?s={search_term_string}\"},\"query-input\":{\"@type\":\"PropertyValueSpecification\",\"valueRequired\":true,\"valueName\":\"search_term_string\"}}],\"inLanguage\":\"en-US\"}]}<\/script>\n<!-- \/ Yoast SEO plugin. -->","yoast_head_json":{"title":"Contact - SCi Olive - Santa Cruz Ingenier\u00eda","description":"SCi Olive - Santa Cruz Ingenier\u00eda Empresa de ingenier\u00eda con m\u00e1s de 20 a\u00f1os de experiencia en asesoramiento agron\u00f3mico e I+D en el sector del olivar. Optimizamos cultivos y procesos para obtener aceites de oliva de alta calidad, gestionando m\u00e1s de 1.000 hect\u00e1reas en C\u00f3rdoba, Sevilla, Huelva y Badajoz. Innovamos en gen\u00e9tica, extractos y sostenibilidad.","robots":{"index":"index","follow":"follow","max-snippet":"max-snippet:-1","max-image-preview":"max-image-preview:large","max-video-preview":"max-video-preview:-1"},"canonical":"https:\/\/sciolive.com\/en\/contact\/","og_locale":"en_US","og_type":"article","og_title":"Contact - SCi Olive - Santa Cruz Ingenier\u00eda","og_description":"SCi Olive - Santa Cruz Ingenier\u00eda Empresa de ingenier\u00eda con m\u00e1s de 20 a\u00f1os de experiencia en asesoramiento agron\u00f3mico e I+D en el sector del olivar. Optimizamos cultivos y procesos para obtener aceites de oliva de alta calidad, gestionando m\u00e1s de 1.000 hect\u00e1reas en C\u00f3rdoba, Sevilla, Huelva y Badajoz. Innovamos en gen\u00e9tica, extractos y sostenibilidad.","og_url":"https:\/\/sciolive.com\/en\/contact\/","og_site_name":"SCi Olive - Santa Cruz Ingenier\u00eda","article_modified_time":"2024-03-11T19:36:22+00:00","twitter_card":"summary_large_image","twitter_misc":{"Est. reading time":"2 minutes"},"schema":{"@context":"https:\/\/schema.org","@graph":[{"@type":"WebPage","@id":"https:\/\/sciolive.com\/en\/contact\/","url":"https:\/\/sciolive.com\/en\/contact\/","name":"Contact - SCi Olive - Santa Cruz Ingenier\u00eda","isPartOf":{"@id":"https:\/\/sciolive.com\/#website"},"datePublished":"2018-04-05T07:27:23+00:00","dateModified":"2024-03-11T19:36:22+00:00","description":"SCi Olive - Santa Cruz Ingenier\u00eda Empresa de ingenier\u00eda con m\u00e1s de 20 a\u00f1os de experiencia en asesoramiento agron\u00f3mico e I+D en el sector del olivar. Optimizamos cultivos y procesos para obtener aceites de oliva de alta calidad, gestionando m\u00e1s de 1.000 hect\u00e1reas en C\u00f3rdoba, Sevilla, Huelva y Badajoz. Innovamos en gen\u00e9tica, extractos y sostenibilidad.","breadcrumb":{"@id":"https:\/\/sciolive.com\/en\/contact\/#breadcrumb"},"inLanguage":"en-US","potentialAction":[{"@type":"ReadAction","target":["https:\/\/sciolive.com\/en\/contact\/"]}]},{"@type":"BreadcrumbList","@id":"https:\/\/sciolive.com\/en\/contact\/#breadcrumb","itemListElement":[{"@type":"ListItem","position":1,"name":"Portada","item":"https:\/\/sciolive.com\/en\/"},{"@type":"ListItem","position":2,"name":"Contact"}]},{"@type":"WebSite","@id":"https:\/\/sciolive.com\/#website","url":"https:\/\/sciolive.com\/","name":"SCi Olive - Santa Cruz Ingenier\u00eda","description":"Ingenier\u00eda verde","potentialAction":[{"@type":"SearchAction","target":{"@type":"EntryPoint","urlTemplate":"https:\/\/sciolive.com\/?s={search_term_string}"},"query-input":{"@type":"PropertyValueSpecification","valueRequired":true,"valueName":"search_term_string"}}],"inLanguage":"en-US"}]}},"_links":{"self":[{"href":"https:\/\/sciolive.com\/en\/wp-json\/wp\/v2\/pages\/6804","targetHints":{"allow":["GET"]}}],"collection":[{"href":"https:\/\/sciolive.com\/en\/wp-json\/wp\/v2\/pages"}],"about":[{"href":"https:\/\/sciolive.com\/en\/wp-json\/wp\/v2\/types\/page"}],"author":[{"embeddable":true,"href":"https:\/\/sciolive.com\/en\/wp-json\/wp\/v2\/users\/1"}],"replies":[{"embeddable":true,"href":"https:\/\/sciolive.com\/en\/wp-json\/wp\/v2\/comments?post=6804"}],"version-history":[{"count":3,"href":"https:\/\/sciolive.com\/en\/wp-json\/wp\/v2\/pages\/6804\/revisions"}],"predecessor-version":[{"id":6999,"href":"https:\/\/sciolive.com\/en\/wp-json\/wp\/v2\/pages\/6804\/revisions\/6999"}],"wp:attachment":[{"href":"https:\/\/sciolive.com\/en\/wp-json\/wp\/v2\/media?parent=6804"}],"curies":[{"name":"wp","href":"https:\/\/api.w.org\/{rel}","templated":true}]}}