{"id":6906,"date":"2023-08-31T11:37:55","date_gmt":"2023-08-31T11:37:55","guid":{"rendered":"https:\/\/sciolive.com\/blog\/"},"modified":"2024-02-12T19:10:31","modified_gmt":"2024-02-12T19:10:31","slug":"blog","status":"publish","type":"page","link":"https:\/\/sciolive.com\/en\/blog\/","title":{"rendered":"Blog"},"content":{"rendered":"<div class=\"wpb-content-wrapper\"><p>[vc_row full_width=&#8221;stretch_row_content_no_spaces&#8221; content_placement=&#8221;top&#8221; parallax=&#8221;content-moving&#8221; parallax_image=&#8221;5572&#8243; css=&#8221;.vc_custom_1695410734222{margin-top: 0px !important;margin-right: 0px !important;margin-bottom: 0px !important;margin-left: 0px !important;border-top-width: 0px !important;border-right-width: 0px !important;border-bottom-width: 0px !important;border-left-width: 0px !important;padding-top: 0px !important;padding-right: 0px !important;padding-bottom: 0px !important;padding-left: 0px !important;}&#8221;][vc_column]<div class=\"eltdf-elements-holder   eltdf-one-column  eltdf-responsive-mode-768 \" ><div class=\"eltdf-eh-item  eltdf-vertical-alignment-top   \"  data-item-class=\"eltdf-eh-custom-3492\" data-1366-1600=\"222px 0px 0px 0px\" data-1024-1366=\"222px 0px 0px 0px\" data-768-1024=\"222px 0px 0px 0px\" data-680-768=\"222px 0px 0px 0px\" data-680=\"22px 0 22px 0\">\n\t\t<div class=\"eltdf-eh-item-inner\">\n\t\t<div class=\"eltdf-eh-item-content eltdf-eh-custom-3492\" style=\"padding: 50px 0 220px 0\">\n\t\t\t\t\t<\/div>\n\t<\/div>\n<\/div>\n\n<\/div><div class=\"eltdf-section-title-holder  eltdf-st-standard eltdf-st-title-left eltdf-st-normal-space \" style=\"text-align: center\">\n\t<div class=\"eltdf-st-inner\">\n\t\t\t\t\t<h1 class=\"eltdf-st-title\" style=\"color: #ffffff\">\n\t\t\t\tBLOG\t\t\t<\/h1>\n\t\t\t\t\t\t\t<div class=\"eltdf-separator-holder clearfix   \">\n\t<div class=\"eltdf-separator\" style=\"border-color: #ffffff;margin-bottom: 66px\"><\/div>\n<\/div>\n\t\t\t\t\t<\/div>\n<\/div>[\/vc_column][\/vc_row][vc_row css=&#8221;.vc_custom_1694712149141{margin-top: 44px !important;margin-right: 44px !important;margin-bottom: 0px !important;margin-left: 44px !important;border-top-width: 44px !important;border-right-width: 44px !important;border-bottom-width: 0px !important;border-left-width: 44px !important;padding-top: 44px !important;padding-right: 44px !important;padding-bottom: 0px !important;padding-left: 44px !important;}&#8221;][vc_column width=&#8221;2\/3&#8243; offset=&#8221;vc_hidden-xs&#8221; css=&#8221;.vc_custom_1694712483721{margin-top: 0px !important;border-top-width: 2px !important;border-right-width: 2px !important;border-bottom-width: 2px !important;border-left-width: 2px !important;padding-top: 0px !important;}&#8221;]<div class=\"eltdf-blog-list-holder eltdf-bl-standard eltdf-bl-two-columns eltdf-large-space eltdf-bl-pag-standard-shortcodes\"  data-type=standard data-number-of-posts=11 data-number-of-columns=2 data-space-between-items=large data-orderby=date data-order=ASC data-image-size=allston_eltdf_portrait data-title-tag=h2 data-excerpt-length=40 data-post-info-section=yes data-post-info-image=yes data-post-info-author=no data-post-info-date=no data-post-info-category=no data-post-info-comments=no data-post-info-like=no data-post-info-share=no data-pagination-type=standard-shortcodes data-max-num-pages=1 data-next-page=2>\n\t<div class=\"eltdf-bl-wrapper eltdf-outer-space\">\n\t\t<ul class=\"eltdf-blog-list\">\n\t\t\t<li class=\"eltdf-bl-item eltdf-item-space clearfix\">\n\t<div class=\"eltdf-bli-inner\">\n\t\t\n\t<div class=\"eltdf-post-image\">\n\t\t\t\t\t<a itemprop=\"url\" href=\"https:\/\/sciolive.com\/en\/primera-convocatoria-del-proyecto-gen4olive\/\" title=\"Primera convocatoria del proyecto GEN4OLIVE\">\n\t\t\t\t\t<img loading=\"lazy\" decoding=\"async\" width=\"348\" height=\"145\" src=\"https:\/\/sciolive.com\/wp-content\/uploads\/2023\/04\/GEN4OLVE-Logotipo-SCI-ollive.png\" class=\"attachment-allston_eltdf_portrait size-allston_eltdf_portrait wp-post-image\" alt=\"\" srcset=\"https:\/\/sciolive.com\/wp-content\/uploads\/2023\/04\/GEN4OLVE-Logotipo-SCI-ollive.png 348w, https:\/\/sciolive.com\/wp-content\/uploads\/2023\/04\/GEN4OLVE-Logotipo-SCI-ollive-300x125.png 300w\" sizes=\"auto, (max-width: 348px) 100vw, 348px\" \/>\t\t\t\t\t<\/a>\n\t\t\t\t\t<\/div>\n        <div class=\"eltdf-bli-content\">\n                            <div class=\"eltdf-bli-info\">\n\t                                <\/div>\n            \t\n\t        \n<h2 itemprop=\"name\" class=\"entry-title eltdf-post-title\" >\n            <a itemprop=\"url\" href=\"https:\/\/sciolive.com\/en\/primera-convocatoria-del-proyecto-gen4olive\/\" title=\"Primera convocatoria del proyecto GEN4OLIVE\">\n            Primera convocatoria del proyecto GEN4OLIVE            <\/a>\n    <\/h2>\t\t\t<div class=\"eltdf-separator-holder clearfix   \">\n\t<div class=\"eltdf-separator\" ><\/div>\n<\/div>\n\t\n\t        <div class=\"eltdf-bli-excerpt\">\n\t\t        \t\t<div class=\"eltdf-post-excerpt-holder\">\n\t\t\t<p itemprop=\"description\" class=\"eltdf-post-excerpt\">\n\t\t\t\tEl proyecto GEN4OLIVE lanzar\u00e1 su primera convocatoria abierta de propuestas el 1 de septiembre de 2021 con un presupuesto de 750.000 euros de financiaci\u00f3n para PYME en las actividades de mejora gen\u00e9tica del olivo, aprovechando los recursos gen\u00e9ticos del olivo\t\t\t<\/p>\n\t\t<\/div>\n\t\t\t        \t<div class=\"eltdf-post-read-more-button\">\n\t\t<a itemprop=\"url\" href=\"https:\/\/sciolive.com\/en\/primera-convocatoria-del-proyecto-gen4olive\/\" target=\"_self\"  class=\"eltdf-btn eltdf-btn-medium eltdf-btn-simple eltdf-btn-icon eltdf-blog-list-button\"  >    <span class=\"eltdf-btn-text\">Read More<\/span>    <i class=\"eltdf-icon-ion-icon ion-ios-arrow-right \" ><\/i><\/a>\t<\/div>\n\t        <\/div>\n        <\/div>\n\t<\/div>\n<\/li><li class=\"eltdf-bl-item eltdf-item-space clearfix\">\n\t<div class=\"eltdf-bli-inner\">\n\t\t\n\t<div class=\"eltdf-post-image\">\n\t\t\t\t\t<a itemprop=\"url\" href=\"https:\/\/sciolive.com\/en\/acelerar-el-aprovechamiento-de-los-recursos-geneticos-del-olivo\/\" title=\"Acelerar el aprovechamiento de los recursos gen\u00e9ticos del olivo\">\n\t\t\t\t\t<img loading=\"lazy\" decoding=\"async\" width=\"348\" height=\"145\" src=\"https:\/\/sciolive.com\/wp-content\/uploads\/2023\/05\/IMAGEN.jpeg\" class=\"attachment-allston_eltdf_portrait size-allston_eltdf_portrait wp-post-image\" alt=\"\" srcset=\"https:\/\/sciolive.com\/wp-content\/uploads\/2023\/05\/IMAGEN.jpeg 348w, https:\/\/sciolive.com\/wp-content\/uploads\/2023\/05\/IMAGEN-300x125.jpeg 300w\" sizes=\"auto, (max-width: 348px) 100vw, 348px\" \/>\t\t\t\t\t<\/a>\n\t\t\t\t\t<\/div>\n        <div class=\"eltdf-bli-content\">\n                            <div class=\"eltdf-bli-info\">\n\t                                <\/div>\n            \t\n\t        \n<h2 itemprop=\"name\" class=\"entry-title eltdf-post-title\" >\n            <a itemprop=\"url\" href=\"https:\/\/sciolive.com\/en\/acelerar-el-aprovechamiento-de-los-recursos-geneticos-del-olivo\/\" title=\"Acelerar el aprovechamiento de los recursos gen\u00e9ticos del olivo\">\n            Acelerar el aprovechamiento <br>de los recursos gen\u00e9ticos <br>del olivo            <\/a>\n    <\/h2>\t\t\t<div class=\"eltdf-separator-holder clearfix   \">\n\t<div class=\"eltdf-separator\" ><\/div>\n<\/div>\n\t\n\t        <div class=\"eltdf-bli-excerpt\">\n\t\t        \t\t<div class=\"eltdf-post-excerpt-holder\">\n\t\t\t<p itemprop=\"description\" class=\"eltdf-post-excerpt\">\n\t\t\t\tEl proyecto europeo GEN4OLIVE ha comenzado oficialmente tras la reuni\u00f3n de lanzamiento que se ha celebrado de forma telem\u00e1tica debido a las restricciones por la COVID-19. GEN4OLIVE est\u00e1 coordinado por la Universidad de C\u00f3rdoba y es una Acci\u00f3n de Innovaci\u00f3n\t\t\t<\/p>\n\t\t<\/div>\n\t\t\t        \t<div class=\"eltdf-post-read-more-button\">\n\t\t<a itemprop=\"url\" href=\"https:\/\/sciolive.com\/en\/acelerar-el-aprovechamiento-de-los-recursos-geneticos-del-olivo\/\" target=\"_self\"  class=\"eltdf-btn eltdf-btn-medium eltdf-btn-simple eltdf-btn-icon eltdf-blog-list-button\"  >    <span class=\"eltdf-btn-text\">Read More<\/span>    <i class=\"eltdf-icon-ion-icon ion-ios-arrow-right \" ><\/i><\/a>\t<\/div>\n\t        <\/div>\n        <\/div>\n\t<\/div>\n<\/li>\t\t<\/ul>\n\t<\/div>\n\t<\/div>[\/vc_column][vc_column width=&#8221;1\/3&#8243; offset=&#8221;vc_hidden-xs&#8221;][vc_wp_posts title=&#8221;Latest posts&#8221; number=&#8221;5&#8243;][\/vc_column][\/vc_row][vc_row content_placement=&#8221;top&#8221; css=&#8221;.vc_custom_1694712042722{margin-top: 1px !important;margin-right: 5px !important;margin-bottom: 1px !important;margin-left: 5px !important;border-top-width: 1px !important;border-right-width: 5px !important;border-bottom-width: 1px !important;border-left-width: 5px !important;padding-top: 1px !important;padding-right: 5px !important;padding-bottom: 1px !important;padding-left: 5px !important;}&#8221;][vc_column offset=&#8221;vc_hidden-lg vc_hidden-md vc_hidden-sm&#8221;]<div class=\"eltdf-blog-list-holder eltdf-bl-standard eltdf-bl-three-columns eltdf-normal-space eltdf-bl-pag-standard-shortcodes\"  data-type=standard data-number-of-posts=-1 data-number-of-columns=3 data-space-between-items=normal data-orderby=date data-order=ASC data-image-size=full data-title-tag=h2 data-excerpt-length=40 data-post-info-section=yes data-post-info-image=yes data-post-info-author=no data-post-info-date=no data-post-info-category=no data-post-info-comments=no data-post-info-like=no data-post-info-share=no data-pagination-type=standard-shortcodes data-max-num-pages=0 data-next-page=2>\n\t<div class=\"eltdf-bl-wrapper eltdf-outer-space\">\n\t\t<ul class=\"eltdf-blog-list\">\n\t\t\t<li class=\"eltdf-bl-item eltdf-item-space clearfix\">\n\t<div class=\"eltdf-bli-inner\">\n\t\t\n\t<div class=\"eltdf-post-image\">\n\t\t\t\t\t<a itemprop=\"url\" href=\"https:\/\/sciolive.com\/en\/primera-convocatoria-del-proyecto-gen4olive\/\" title=\"Primera convocatoria del proyecto GEN4OLIVE\">\n\t\t\t\t\t<img loading=\"lazy\" decoding=\"async\" width=\"348\" height=\"145\" src=\"https:\/\/sciolive.com\/wp-content\/uploads\/2023\/04\/GEN4OLVE-Logotipo-SCI-ollive.png\" class=\"attachment-full size-full wp-post-image\" alt=\"\" srcset=\"https:\/\/sciolive.com\/wp-content\/uploads\/2023\/04\/GEN4OLVE-Logotipo-SCI-ollive.png 348w, https:\/\/sciolive.com\/wp-content\/uploads\/2023\/04\/GEN4OLVE-Logotipo-SCI-ollive-300x125.png 300w\" sizes=\"auto, (max-width: 348px) 100vw, 348px\" \/>\t\t\t\t\t<\/a>\n\t\t\t\t\t<\/div>\n        <div class=\"eltdf-bli-content\">\n                            <div class=\"eltdf-bli-info\">\n\t                                <\/div>\n            \t\n\t        \n<h2 itemprop=\"name\" class=\"entry-title eltdf-post-title\" >\n            <a itemprop=\"url\" href=\"https:\/\/sciolive.com\/en\/primera-convocatoria-del-proyecto-gen4olive\/\" title=\"Primera convocatoria del proyecto GEN4OLIVE\">\n            Primera convocatoria del proyecto GEN4OLIVE            <\/a>\n    <\/h2>\t\t\t<div class=\"eltdf-separator-holder clearfix   \">\n\t<div class=\"eltdf-separator\" ><\/div>\n<\/div>\n\t\n\t        <div class=\"eltdf-bli-excerpt\">\n\t\t        \t\t<div class=\"eltdf-post-excerpt-holder\">\n\t\t\t<p itemprop=\"description\" class=\"eltdf-post-excerpt\">\n\t\t\t\tEl proyecto GEN4OLIVE lanzar\u00e1 su primera convocatoria abierta de propuestas el 1 de septiembre de 2021 con un presupuesto de 750.000 euros de financiaci\u00f3n para PYME en las actividades de mejora gen\u00e9tica del olivo, aprovechando los recursos gen\u00e9ticos del olivo\t\t\t<\/p>\n\t\t<\/div>\n\t\t\t        \t<div class=\"eltdf-post-read-more-button\">\n\t\t<a itemprop=\"url\" href=\"https:\/\/sciolive.com\/en\/primera-convocatoria-del-proyecto-gen4olive\/\" target=\"_self\"  class=\"eltdf-btn eltdf-btn-medium eltdf-btn-simple eltdf-btn-icon eltdf-blog-list-button\"  >    <span class=\"eltdf-btn-text\">Read More<\/span>    <i class=\"eltdf-icon-ion-icon ion-ios-arrow-right \" ><\/i><\/a>\t<\/div>\n\t        <\/div>\n        <\/div>\n\t<\/div>\n<\/li><li class=\"eltdf-bl-item eltdf-item-space clearfix\">\n\t<div class=\"eltdf-bli-inner\">\n\t\t\n\t<div class=\"eltdf-post-image\">\n\t\t\t\t\t<a itemprop=\"url\" href=\"https:\/\/sciolive.com\/en\/acelerar-el-aprovechamiento-de-los-recursos-geneticos-del-olivo\/\" title=\"Acelerar el aprovechamiento de los recursos gen\u00e9ticos del olivo\">\n\t\t\t\t\t<img loading=\"lazy\" decoding=\"async\" width=\"348\" height=\"145\" src=\"https:\/\/sciolive.com\/wp-content\/uploads\/2023\/05\/IMAGEN.jpeg\" class=\"attachment-full size-full wp-post-image\" alt=\"\" srcset=\"https:\/\/sciolive.com\/wp-content\/uploads\/2023\/05\/IMAGEN.jpeg 348w, https:\/\/sciolive.com\/wp-content\/uploads\/2023\/05\/IMAGEN-300x125.jpeg 300w\" sizes=\"auto, (max-width: 348px) 100vw, 348px\" \/>\t\t\t\t\t<\/a>\n\t\t\t\t\t<\/div>\n        <div class=\"eltdf-bli-content\">\n                            <div class=\"eltdf-bli-info\">\n\t                                <\/div>\n            \t\n\t        \n<h2 itemprop=\"name\" class=\"entry-title eltdf-post-title\" >\n            <a itemprop=\"url\" href=\"https:\/\/sciolive.com\/en\/acelerar-el-aprovechamiento-de-los-recursos-geneticos-del-olivo\/\" title=\"Acelerar el aprovechamiento de los recursos gen\u00e9ticos del olivo\">\n            Acelerar el aprovechamiento <br>de los recursos gen\u00e9ticos <br>del olivo            <\/a>\n    <\/h2>\t\t\t<div class=\"eltdf-separator-holder clearfix   \">\n\t<div class=\"eltdf-separator\" ><\/div>\n<\/div>\n\t\n\t        <div class=\"eltdf-bli-excerpt\">\n\t\t        \t\t<div class=\"eltdf-post-excerpt-holder\">\n\t\t\t<p itemprop=\"description\" class=\"eltdf-post-excerpt\">\n\t\t\t\tEl proyecto europeo GEN4OLIVE ha comenzado oficialmente tras la reuni\u00f3n de lanzamiento que se ha celebrado de forma telem\u00e1tica debido a las restricciones por la COVID-19. GEN4OLIVE est\u00e1 coordinado por la Universidad de C\u00f3rdoba y es una Acci\u00f3n de Innovaci\u00f3n\t\t\t<\/p>\n\t\t<\/div>\n\t\t\t        \t<div class=\"eltdf-post-read-more-button\">\n\t\t<a itemprop=\"url\" href=\"https:\/\/sciolive.com\/en\/acelerar-el-aprovechamiento-de-los-recursos-geneticos-del-olivo\/\" target=\"_self\"  class=\"eltdf-btn eltdf-btn-medium eltdf-btn-simple eltdf-btn-icon eltdf-blog-list-button\"  >    <span class=\"eltdf-btn-text\">Read More<\/span>    <i class=\"eltdf-icon-ion-icon ion-ios-arrow-right \" ><\/i><\/a>\t<\/div>\n\t        <\/div>\n        <\/div>\n\t<\/div>\n<\/li>\t\t<\/ul>\n\t<\/div>\n\t<\/div>[vc_wp_posts title=&#8221;Latest posts&#8221; number=&#8221;5&#8243;][\/vc_column][\/vc_row]<\/p>\n<\/div>","protected":false},"excerpt":{"rendered":"<p>[vc_row full_width=&#8221;stretch_row_content_no_spaces&#8221; content_placement=&#8221;top&#8221; parallax=&#8221;content-moving&#8221; parallax_image=&#8221;5572&#8243; css=&#8221;.vc_custom_1695410734222{margin-top: 0px !important;margin-right: 0px !important;margin-bottom: 0px !important;margin-left: 0px !important;border-top-width: 0px !important;border-right-width: 0px !important;border-bottom-width: 0px !important;border-left-width: 0px !important;padding-top: 0px !important;padding-right: 0px !important;padding-bottom: 0px !important;padding-left: 0px !important;}&#8221;][vc_column][\/vc_column][\/vc_row][vc_row css=&#8221;.vc_custom_1694712149141{margin-top: 44px !important;margin-right: 44px !important;margin-bottom: 0px !important;margin-left: 44px !important;border-top-width: 44px [&hellip;]<\/p>\n","protected":false},"author":1,"featured_media":0,"parent":0,"menu_order":0,"comment_status":"closed","ping_status":"closed","template":"full-width.php","meta":{"footnotes":""},"class_list":["post-6906","page","type-page","status-publish","hentry"],"yoast_head":"<!-- This site is optimized with the Yoast SEO plugin v25.3 - https:\/\/yoast.com\/wordpress\/plugins\/seo\/ -->\n<title>Blog - SCi Olive - Santa Cruz Ingenier\u00eda<\/title>\n<meta name=\"description\" content=\"SCi Olive - Santa Cruz Ingenier\u00eda Empresa de ingenier\u00eda con m\u00e1s de 20 a\u00f1os de experiencia en asesoramiento agron\u00f3mico e I+D en el sector del olivar. Optimizamos cultivos y procesos para obtener aceites de oliva de alta calidad, gestionando m\u00e1s de 1.000 hect\u00e1reas en C\u00f3rdoba, Sevilla, Huelva y Badajoz. Innovamos en gen\u00e9tica, extractos y sostenibilidad.\" \/>\n<meta name=\"robots\" content=\"index, follow, max-snippet:-1, max-image-preview:large, max-video-preview:-1\" \/>\n<link rel=\"canonical\" href=\"https:\/\/sciolive.com\/en\/blog\/\" \/>\n<meta property=\"og:locale\" content=\"en_US\" \/>\n<meta property=\"og:type\" content=\"article\" \/>\n<meta property=\"og:title\" content=\"Blog - SCi Olive - Santa Cruz Ingenier\u00eda\" \/>\n<meta property=\"og:description\" content=\"SCi Olive - Santa Cruz Ingenier\u00eda Empresa de ingenier\u00eda con m\u00e1s de 20 a\u00f1os de experiencia en asesoramiento agron\u00f3mico e I+D en el sector del olivar. Optimizamos cultivos y procesos para obtener aceites de oliva de alta calidad, gestionando m\u00e1s de 1.000 hect\u00e1reas en C\u00f3rdoba, Sevilla, Huelva y Badajoz. Innovamos en gen\u00e9tica, extractos y sostenibilidad.\" \/>\n<meta property=\"og:url\" content=\"https:\/\/sciolive.com\/en\/blog\/\" \/>\n<meta property=\"og:site_name\" content=\"SCi Olive - Santa Cruz Ingenier\u00eda\" \/>\n<meta property=\"article:modified_time\" content=\"2024-02-12T19:10:31+00:00\" \/>\n<meta name=\"twitter:card\" content=\"summary_large_image\" \/>\n<meta name=\"twitter:label1\" content=\"Est. reading time\" \/>\n\t<meta name=\"twitter:data1\" content=\"1 minute\" \/>\n<script type=\"application\/ld+json\" class=\"yoast-schema-graph\">{\"@context\":\"https:\/\/schema.org\",\"@graph\":[{\"@type\":\"WebPage\",\"@id\":\"https:\/\/sciolive.com\/en\/blog\/\",\"url\":\"https:\/\/sciolive.com\/en\/blog\/\",\"name\":\"Blog - SCi Olive - Santa Cruz Ingenier\u00eda\",\"isPartOf\":{\"@id\":\"https:\/\/sciolive.com\/#website\"},\"datePublished\":\"2023-08-31T11:37:55+00:00\",\"dateModified\":\"2024-02-12T19:10:31+00:00\",\"description\":\"SCi Olive - Santa Cruz Ingenier\u00eda Empresa de ingenier\u00eda con m\u00e1s de 20 a\u00f1os de experiencia en asesoramiento agron\u00f3mico e I+D en el sector del olivar. Optimizamos cultivos y procesos para obtener aceites de oliva de alta calidad, gestionando m\u00e1s de 1.000 hect\u00e1reas en C\u00f3rdoba, Sevilla, Huelva y Badajoz. Innovamos en gen\u00e9tica, extractos y sostenibilidad.\",\"breadcrumb\":{\"@id\":\"https:\/\/sciolive.com\/en\/blog\/#breadcrumb\"},\"inLanguage\":\"en-US\",\"potentialAction\":[{\"@type\":\"ReadAction\",\"target\":[\"https:\/\/sciolive.com\/en\/blog\/\"]}]},{\"@type\":\"BreadcrumbList\",\"@id\":\"https:\/\/sciolive.com\/en\/blog\/#breadcrumb\",\"itemListElement\":[{\"@type\":\"ListItem\",\"position\":1,\"name\":\"Portada\",\"item\":\"https:\/\/sciolive.com\/en\/\"},{\"@type\":\"ListItem\",\"position\":2,\"name\":\"Blog\"}]},{\"@type\":\"WebSite\",\"@id\":\"https:\/\/sciolive.com\/#website\",\"url\":\"https:\/\/sciolive.com\/\",\"name\":\"SCi Olive - Santa Cruz Ingenier\u00eda\",\"description\":\"Ingenier\u00eda verde\",\"potentialAction\":[{\"@type\":\"SearchAction\",\"target\":{\"@type\":\"EntryPoint\",\"urlTemplate\":\"https:\/\/sciolive.com\/?s={search_term_string}\"},\"query-input\":{\"@type\":\"PropertyValueSpecification\",\"valueRequired\":true,\"valueName\":\"search_term_string\"}}],\"inLanguage\":\"en-US\"}]}<\/script>\n<!-- \/ Yoast SEO plugin. -->","yoast_head_json":{"title":"Blog - SCi Olive - Santa Cruz Ingenier\u00eda","description":"SCi Olive - Santa Cruz Ingenier\u00eda Empresa de ingenier\u00eda con m\u00e1s de 20 a\u00f1os de experiencia en asesoramiento agron\u00f3mico e I+D en el sector del olivar. Optimizamos cultivos y procesos para obtener aceites de oliva de alta calidad, gestionando m\u00e1s de 1.000 hect\u00e1reas en C\u00f3rdoba, Sevilla, Huelva y Badajoz. Innovamos en gen\u00e9tica, extractos y sostenibilidad.","robots":{"index":"index","follow":"follow","max-snippet":"max-snippet:-1","max-image-preview":"max-image-preview:large","max-video-preview":"max-video-preview:-1"},"canonical":"https:\/\/sciolive.com\/en\/blog\/","og_locale":"en_US","og_type":"article","og_title":"Blog - SCi Olive - Santa Cruz Ingenier\u00eda","og_description":"SCi Olive - Santa Cruz Ingenier\u00eda Empresa de ingenier\u00eda con m\u00e1s de 20 a\u00f1os de experiencia en asesoramiento agron\u00f3mico e I+D en el sector del olivar. Optimizamos cultivos y procesos para obtener aceites de oliva de alta calidad, gestionando m\u00e1s de 1.000 hect\u00e1reas en C\u00f3rdoba, Sevilla, Huelva y Badajoz. Innovamos en gen\u00e9tica, extractos y sostenibilidad.","og_url":"https:\/\/sciolive.com\/en\/blog\/","og_site_name":"SCi Olive - Santa Cruz Ingenier\u00eda","article_modified_time":"2024-02-12T19:10:31+00:00","twitter_card":"summary_large_image","twitter_misc":{"Est. reading time":"1 minute"},"schema":{"@context":"https:\/\/schema.org","@graph":[{"@type":"WebPage","@id":"https:\/\/sciolive.com\/en\/blog\/","url":"https:\/\/sciolive.com\/en\/blog\/","name":"Blog - SCi Olive - Santa Cruz Ingenier\u00eda","isPartOf":{"@id":"https:\/\/sciolive.com\/#website"},"datePublished":"2023-08-31T11:37:55+00:00","dateModified":"2024-02-12T19:10:31+00:00","description":"SCi Olive - Santa Cruz Ingenier\u00eda Empresa de ingenier\u00eda con m\u00e1s de 20 a\u00f1os de experiencia en asesoramiento agron\u00f3mico e I+D en el sector del olivar. Optimizamos cultivos y procesos para obtener aceites de oliva de alta calidad, gestionando m\u00e1s de 1.000 hect\u00e1reas en C\u00f3rdoba, Sevilla, Huelva y Badajoz. Innovamos en gen\u00e9tica, extractos y sostenibilidad.","breadcrumb":{"@id":"https:\/\/sciolive.com\/en\/blog\/#breadcrumb"},"inLanguage":"en-US","potentialAction":[{"@type":"ReadAction","target":["https:\/\/sciolive.com\/en\/blog\/"]}]},{"@type":"BreadcrumbList","@id":"https:\/\/sciolive.com\/en\/blog\/#breadcrumb","itemListElement":[{"@type":"ListItem","position":1,"name":"Portada","item":"https:\/\/sciolive.com\/en\/"},{"@type":"ListItem","position":2,"name":"Blog"}]},{"@type":"WebSite","@id":"https:\/\/sciolive.com\/#website","url":"https:\/\/sciolive.com\/","name":"SCi Olive - Santa Cruz Ingenier\u00eda","description":"Ingenier\u00eda verde","potentialAction":[{"@type":"SearchAction","target":{"@type":"EntryPoint","urlTemplate":"https:\/\/sciolive.com\/?s={search_term_string}"},"query-input":{"@type":"PropertyValueSpecification","valueRequired":true,"valueName":"search_term_string"}}],"inLanguage":"en-US"}]}},"_links":{"self":[{"href":"https:\/\/sciolive.com\/en\/wp-json\/wp\/v2\/pages\/6906","targetHints":{"allow":["GET"]}}],"collection":[{"href":"https:\/\/sciolive.com\/en\/wp-json\/wp\/v2\/pages"}],"about":[{"href":"https:\/\/sciolive.com\/en\/wp-json\/wp\/v2\/types\/page"}],"author":[{"embeddable":true,"href":"https:\/\/sciolive.com\/en\/wp-json\/wp\/v2\/users\/1"}],"replies":[{"embeddable":true,"href":"https:\/\/sciolive.com\/en\/wp-json\/wp\/v2\/comments?post=6906"}],"version-history":[{"count":3,"href":"https:\/\/sciolive.com\/en\/wp-json\/wp\/v2\/pages\/6906\/revisions"}],"predecessor-version":[{"id":6960,"href":"https:\/\/sciolive.com\/en\/wp-json\/wp\/v2\/pages\/6906\/revisions\/6960"}],"wp:attachment":[{"href":"https:\/\/sciolive.com\/en\/wp-json\/wp\/v2\/media?parent=6906"}],"curies":[{"name":"wp","href":"https:\/\/api.w.org\/{rel}","templated":true}]}}