{"id":6909,"date":"2023-08-26T09:09:45","date_gmt":"2023-08-26T09:09:45","guid":{"rendered":"https:\/\/sciolive.com\/neocantal-eu\/"},"modified":"2024-01-29T18:48:45","modified_gmt":"2024-01-29T18:48:45","slug":"neocantal-eu","status":"publish","type":"page","link":"https:\/\/sciolive.com\/en\/neocantal-eu\/","title":{"rendered":"NEOCANTAL EU"},"content":{"rendered":"<div class=\"wpb-content-wrapper\"><p>[vc_row full_width=&#8221;stretch_row_content_no_spaces&#8221; content_placement=&#8221;middle&#8221; parallax=&#8221;content-moving&#8221; parallax_image=&#8221;4640&#8243; css=&#8221;.vc_custom_1693480639986{margin-top: 0px !important;margin-right: 0px !important;margin-bottom: 0px !important;margin-left: 0px !important;border-top-width: 0px !important;border-right-width: 0px !important;border-bottom-width: 0px !important;border-left-width: 0px !important;padding-top: 0px !important;padding-right: 0px !important;padding-bottom: 0px !important;padding-left: 0px !important;}&#8221;][vc_column]<div class=\"eltdf-elements-holder   eltdf-one-column  eltdf-responsive-mode-768 \" ><div class=\"eltdf-eh-item     \"  data-item-class=\"eltdf-eh-custom-8073\" data-1366-1600=\"222px 0px 0px 0px\" data-1024-1366=\"222px 0px 0px 0px\" data-768-1024=\"222px 0px 0px 0px\" data-680-768=\"222px 0px 0px 0px\" data-680=\"22px 0 22px 0\">\n\t\t<div class=\"eltdf-eh-item-inner\">\n\t\t<div class=\"eltdf-eh-item-content eltdf-eh-custom-8073\" style=\"padding: 50px 0 220px 0\">\n\t\t\t\t\t<\/div>\n\t<\/div>\n<\/div>\n\n<\/div><div class=\"eltdf-section-title-holder  eltdf-st-standard eltdf-st-title-left eltdf-st-normal-space \" style=\"text-align: center\">\n\t<div class=\"eltdf-st-inner\">\n\t\t\t\t\t<h1 class=\"eltdf-st-title\" style=\"color: #ffffff\">\n\t\t\t\tR&amp;D Projects \/ SCI Olive\t\t\t<\/h1>\n\t\t\t\t\t\t\t<div class=\"eltdf-separator-holder clearfix   \">\n\t<div class=\"eltdf-separator\" style=\"border-color: #ffffff;margin-bottom: 66px\"><\/div>\n<\/div>\n\t\t\t\t\t<\/div>\n<\/div>[\/vc_column][\/vc_row][vc_row row_content_width=&#8221;grid&#8221; css=&#8221;.vc_custom_1694713899378{margin-top: 5% !important;padding-bottom: 32px !important;}&#8221;][vc_column width=&#8221;1\/2&#8243; offset=&#8221;vc_col-lg-3 vc_col-md-3 vc_col-xs-12&#8243;][vc_empty_space height=&#8221;4px&#8221; css=&#8221;.vc_custom_1693471606233{margin-top: 9px !important;margin-bottom: 9px !important;border-top-width: 8px !important;border-bottom-width: 8px !important;padding-top: 8px !important;padding-bottom: 8px !important;}&#8221;][vc_empty_space height=&#8221;4px&#8221; css=&#8221;.vc_custom_1693471606233{margin-top: 9px !important;margin-bottom: 9px !important;border-top-width: 8px !important;border-bottom-width: 8px !important;padding-top: 8px !important;padding-bottom: 8px !important;}&#8221;][\/vc_column][vc_column offset=&#8221;vc_col-lg-9 vc_col-md-9 vc_col-xs-12&#8243; el_id=&#8221;MEJORA&#8221;]<div class=\"eltdf-elements-holder   eltdf-one-column  eltdf-responsive-mode-768 \" ><div class=\"eltdf-eh-item     \"  data-item-class=\"eltdf-eh-custom-1324\">\n\t\t<div class=\"eltdf-eh-item-inner\">\n\t\t<div class=\"eltdf-eh-item-content eltdf-eh-custom-1324\" >\n\t\t\t<div class=\"eltdf-section-title-holder  eltdf-st-standard eltdf-st-title-left eltdf-st-normal-space \" style=\"text-align: left\">\n\t<div class=\"eltdf-st-inner\">\n\t\t\t\t\t<h1 class=\"eltdf-st-title\" style=\"color: #080808\">\n\t\t\t\tNEOCANTAL EU\t\t\t<\/h1>\n\t\t\t\t\t\t\t<div class=\"eltdf-separator-holder clearfix   \">\n\t<div class=\"eltdf-separator\" style=\"margin-top: 9px;margin-bottom: -1px\"><\/div>\n<\/div>\n\t\t\t\t\t<\/div>\n<\/div>[vc_empty_space height=&#8221;7px&#8221;][vc_column_text]<strong>The NEOCANTAL project aims to obtain dietary supplements very rich in a specific phenolic compound called Oleocantal from olives.<\/strong><\/p>\n<p>Work is underway to offer the NEOCANTAL product in three different formats:<\/p>\n<p><strong>Powder<\/strong> \u2013 Oleocantal richness up to 30,000 mg\/kg (use: food additive)<br \/>\n<strong>Liquid<\/strong> \u2013 Oleocantal richness up to 50,000 mg\/kg (use: food additive and cosmetic industry)<br \/>\n<strong>Encapsulated<\/strong> \u2013 Oleocantal richness up to 80,000 mg\/kg (use: nutraceutical supplement, providing maximum Oleocantal bioavailability).[\/vc_column_text][vc_empty_space height=&#8221;10px&#8221; css=&#8221;.vc_custom_1693471504280{margin-top: 10px !important;margin-bottom: 10px !important;border-top-width: 10px !important;border-bottom-width: 10px !important;padding-top: 10px !important;padding-bottom: 10px !important;}&#8221;][vc_single_image image=&#8221;5566&#8243; img_size=&#8221;1900 x 500&#8243;][vc_empty_space height=&#8221;7px&#8221; css=&#8221;.vc_custom_1693471241807{margin-top: 7px !important;margin-bottom: 7px !important;border-top-width: 7px !important;border-bottom-width: 7px !important;padding-top: 7px !important;padding-bottom: 7px !important;}&#8221;][vc_column_text]<\/p>\n<p class=\"p1\">Clinical trials carried out by various scientists have highlighted the anti-inflammatory and antioxidant properties of the oleocanthal molecule. This exceptional compound is synthesized mainly in the few olive tree cultivars identified by SCI. Thus, oleocantal is present in both olives and extra virgin olive oil (EVOO), although in lower concentrations.<\/p>\n<p class=\"p1\">Scientist Beauchamp, along with his collaborators, identified the anti-<b>inflammatory<\/b> effect of oleocantal and its similarities to ibuprofen, noting that this compound could combat various diseases related to chronic inflammation, such as arthritis, rheumatoid arthritis, and Alzheimer&#8217;s, among others. The scientist recommends daily and continuous long-term consumption of 50 g of EVOO with a minimum oleocantal concentration of 200 mg\/kg (equivalent to 9 mg\/day\/person). However, it is important to note that this dose corresponds to only 10% of the recommended ibuprofen dose for pain relief in an adult.<\/p>\n<p class=\"p1\">Ingesting more than 50 g of EVOO per day would be impossible because it would harm a person&#8217;s balanced diet. The World Health Organization and Dietary Intake References suggest that you should only obtain between 20% and 35% of total calories from fat sources.<\/p>\n<p class=\"p1\">Furthermore, in 2011, the European Food Safety Authority considered that daily consumption of 5 mg of phenols from EVOO, <span class=\"s1\">contributes to the antioxidant protection of lipids in the blood. Numerous clinical trials have demonstrated the positive effects <\/span>against degenerative diseases (Alzheimer&#8217;s), cardiovascular diseases, and cancerous diseases, among others (Lopez-Huertas &amp; Fonolla, 2017; Parkinson &amp; Cicerale, 2016; Qosa et al., 2015; Rallo et al., 2018).<\/p>\n<p>[\/vc_column_text][vc_empty_space height=&#8221;10px&#8221; css=&#8221;.vc_custom_1693471504280{margin-top: 10px !important;margin-bottom: 10px !important;border-top-width: 10px !important;border-bottom-width: 10px !important;padding-top: 10px !important;padding-bottom: 10px !important;}&#8221;][vc_cta h2=&#8221;&#8221;]<\/p>\n<p class=\"p1\">As we mentioned previously, achieving the recommended daily dose of oleocanthal would require ingesting <span class=\"s1\">a total of 0.5 kg of EVOO per person per day (<strong>with a concentration of 200 mg\/kg)<\/strong>, which would be practically impossible.<\/span><\/p>\n<p>&#8220;NEOCANTAL&#8221; will be the <strong>only product<\/strong> that will allow the recommended daily dose of oleocanthal to be achieved <strong>without affecting<\/strong><\/p>\n<p class=\"p1\">&#8220;NEOCANTAL&#8221; can be taken <strong>directly in pills<\/strong> or introduced into different food matrices.<\/p>\n<p>[\/vc_cta][vc_empty_space height=&#8221;10px&#8221; css=&#8221;.vc_custom_1693480463796{margin-top: 10px !important;margin-bottom: 10px !important;border-top-width: 10px !important;border-bottom-width: 10px !important;padding-top: 10px !important;padding-bottom: 10px !important;}&#8221; el_id=&#8221;EIC&#8221;]<div class=\"eltdf-section-title-holder  eltdf-st-standard eltdf-st-title-left eltdf-st-normal-space \" style=\"text-align: left\">\n\t<div class=\"eltdf-st-inner\">\n\t\t\t\t\t<h1 class=\"eltdf-st-title\" style=\"color: #080808\">\n\t\t\t\tNews: NEOCANTAL EIC ACCELERATOR\t\t\t<\/h1>\n\t\t\t\t\t\t\t<div class=\"eltdf-separator-holder clearfix   \">\n\t<div class=\"eltdf-separator\" style=\"margin-top: 9px;margin-bottom: -1px\"><\/div>\n<\/div>\n\t\t\t\t\t<\/div>\n<\/div>[vc_empty_space height=&#8221;7px&#8221; css=&#8221;.vc_custom_1693471241807{margin-top: 7px !important;margin-bottom: 7px !important;border-top-width: 7px !important;border-bottom-width: 7px !important;padding-top: 7px !important;padding-bottom: 7px !important;}&#8221;][vc_cta h2=&#8221;&#8221;]SCI Olive is currently in the process of applying for the <strong>Neocantal project within the EIC ACCELERATOR program<\/strong>. In the evaluation of the first phase, we have received an extremely positive assessment, securing approval from all evaluators in every aspect. At this moment, we await the resolution of the second phase, which will provide us with the opportunity to go to Brussels and defend the project in the last step to ensure the necessary funding.<\/p>\n<p>The Neocantal project aims to highlight the value of the SCI OLIVE patent, enabling us to obtain Oleocantal in high concentration and stable form from the olive tree. Oleocantal, a polyphenol with extraordinary characteristics, is distinguished by its anti-inflammatory effect, often compared to ibuprofen but without the associated negative effects, in addition to its antioxidant properties. These qualities make it a suitable option for individuals with inflammatory diseases who cannot consume ibuprofen.[\/vc_cta][vc_empty_space height=&#8221;7px&#8221; css=&#8221;.vc_custom_1693471241807{margin-top: 7px !important;margin-bottom: 7px !important;border-top-width: 7px !important;border-bottom-width: 7px !important;padding-top: 7px !important;padding-bottom: 7px !important;}&#8221;][vc_single_image image=&#8221;5564&#8243; img_size=&#8221;1900 x 500&#8243;][vc_empty_space height=&#8221;7px&#8221; css=&#8221;.vc_custom_1693471241807{margin-top: 7px !important;margin-bottom: 7px !important;border-top-width: 7px !important;border-bottom-width: 7px !important;padding-top: 7px !important;padding-bottom: 7px !important;}&#8221;]\t\t<\/div>\n\t<\/div>\n<\/div>\n\n<\/div>[vc_separator color=&#8221;orange&#8221; css=&#8221;.vc_custom_1684339007391{margin-top: 22px !important;}&#8221;][\/vc_column][\/vc_row][vc_row][vc_column][vc_column_text]<\/p>\n<p>[\/vc_column_text][\/vc_column][\/vc_row]<\/p>\n<\/div>","protected":false},"excerpt":{"rendered":"<p>[vc_row full_width=&#8221;stretch_row_content_no_spaces&#8221; content_placement=&#8221;middle&#8221; parallax=&#8221;content-moving&#8221; parallax_image=&#8221;4640&#8243; css=&#8221;.vc_custom_1693480639986{margin-top: 0px !important;margin-right: 0px !important;margin-bottom: 0px !important;margin-left: 0px !important;border-top-width: 0px !important;border-right-width: 0px !important;border-bottom-width: 0px !important;border-left-width: 0px !important;padding-top: 0px !important;padding-right: 0px !important;padding-bottom: 0px !important;padding-left: 0px !important;}&#8221;][vc_column][\/vc_column][\/vc_row][vc_row row_content_width=&#8221;grid&#8221; css=&#8221;.vc_custom_1694713899378{margin-top: 5% !important;padding-bottom: 32px !important;}&#8221;][vc_column width=&#8221;1\/2&#8243; offset=&#8221;vc_col-lg-3 vc_col-md-3 vc_col-xs-12&#8243;][vc_empty_space [&hellip;]<\/p>\n","protected":false},"author":1,"featured_media":0,"parent":0,"menu_order":0,"comment_status":"closed","ping_status":"closed","template":"full-width.php","meta":{"footnotes":""},"class_list":["post-6909","page","type-page","status-publish","hentry"],"yoast_head":"<!-- This site is optimized with the Yoast SEO plugin v25.3 - https:\/\/yoast.com\/wordpress\/plugins\/seo\/ -->\n<title>NEOCANTAL EU - SCi Olive - Santa Cruz Ingenier\u00eda<\/title>\n<meta name=\"description\" content=\"SCi Olive - Santa Cruz Ingenier\u00eda Empresa de ingenier\u00eda con m\u00e1s de 20 a\u00f1os de experiencia en asesoramiento agron\u00f3mico e I+D en el sector del olivar. Optimizamos cultivos y procesos para obtener aceites de oliva de alta calidad, gestionando m\u00e1s de 1.000 hect\u00e1reas en C\u00f3rdoba, Sevilla, Huelva y Badajoz. Innovamos en gen\u00e9tica, extractos y sostenibilidad.\" \/>\n<meta name=\"robots\" content=\"index, follow, max-snippet:-1, max-image-preview:large, max-video-preview:-1\" \/>\n<link rel=\"canonical\" href=\"https:\/\/sciolive.com\/en\/neocantal-eu\/\" \/>\n<meta property=\"og:locale\" content=\"en_US\" \/>\n<meta property=\"og:type\" content=\"article\" \/>\n<meta property=\"og:title\" content=\"NEOCANTAL EU - SCi Olive - Santa Cruz Ingenier\u00eda\" \/>\n<meta property=\"og:description\" content=\"SCi Olive - Santa Cruz Ingenier\u00eda Empresa de ingenier\u00eda con m\u00e1s de 20 a\u00f1os de experiencia en asesoramiento agron\u00f3mico e I+D en el sector del olivar. Optimizamos cultivos y procesos para obtener aceites de oliva de alta calidad, gestionando m\u00e1s de 1.000 hect\u00e1reas en C\u00f3rdoba, Sevilla, Huelva y Badajoz. Innovamos en gen\u00e9tica, extractos y sostenibilidad.\" \/>\n<meta property=\"og:url\" content=\"https:\/\/sciolive.com\/en\/neocantal-eu\/\" \/>\n<meta property=\"og:site_name\" content=\"SCi Olive - Santa Cruz Ingenier\u00eda\" \/>\n<meta property=\"article:modified_time\" content=\"2024-01-29T18:48:45+00:00\" \/>\n<meta name=\"twitter:card\" content=\"summary_large_image\" \/>\n<meta name=\"twitter:label1\" content=\"Est. reading time\" \/>\n\t<meta name=\"twitter:data1\" content=\"5 minutes\" \/>\n<script type=\"application\/ld+json\" class=\"yoast-schema-graph\">{\"@context\":\"https:\/\/schema.org\",\"@graph\":[{\"@type\":\"WebPage\",\"@id\":\"https:\/\/sciolive.com\/en\/neocantal-eu\/\",\"url\":\"https:\/\/sciolive.com\/en\/neocantal-eu\/\",\"name\":\"NEOCANTAL EU - SCi Olive - Santa Cruz Ingenier\u00eda\",\"isPartOf\":{\"@id\":\"https:\/\/sciolive.com\/#website\"},\"datePublished\":\"2023-08-26T09:09:45+00:00\",\"dateModified\":\"2024-01-29T18:48:45+00:00\",\"description\":\"SCi Olive - Santa Cruz Ingenier\u00eda Empresa de ingenier\u00eda con m\u00e1s de 20 a\u00f1os de experiencia en asesoramiento agron\u00f3mico e I+D en el sector del olivar. Optimizamos cultivos y procesos para obtener aceites de oliva de alta calidad, gestionando m\u00e1s de 1.000 hect\u00e1reas en C\u00f3rdoba, Sevilla, Huelva y Badajoz. Innovamos en gen\u00e9tica, extractos y sostenibilidad.\",\"breadcrumb\":{\"@id\":\"https:\/\/sciolive.com\/en\/neocantal-eu\/#breadcrumb\"},\"inLanguage\":\"en-US\",\"potentialAction\":[{\"@type\":\"ReadAction\",\"target\":[\"https:\/\/sciolive.com\/en\/neocantal-eu\/\"]}]},{\"@type\":\"BreadcrumbList\",\"@id\":\"https:\/\/sciolive.com\/en\/neocantal-eu\/#breadcrumb\",\"itemListElement\":[{\"@type\":\"ListItem\",\"position\":1,\"name\":\"Portada\",\"item\":\"https:\/\/sciolive.com\/en\/\"},{\"@type\":\"ListItem\",\"position\":2,\"name\":\"NEOCANTAL EU\"}]},{\"@type\":\"WebSite\",\"@id\":\"https:\/\/sciolive.com\/#website\",\"url\":\"https:\/\/sciolive.com\/\",\"name\":\"SCi Olive - Santa Cruz Ingenier\u00eda\",\"description\":\"Ingenier\u00eda verde\",\"potentialAction\":[{\"@type\":\"SearchAction\",\"target\":{\"@type\":\"EntryPoint\",\"urlTemplate\":\"https:\/\/sciolive.com\/?s={search_term_string}\"},\"query-input\":{\"@type\":\"PropertyValueSpecification\",\"valueRequired\":true,\"valueName\":\"search_term_string\"}}],\"inLanguage\":\"en-US\"}]}<\/script>\n<!-- \/ Yoast SEO plugin. -->","yoast_head_json":{"title":"NEOCANTAL EU - SCi Olive - Santa Cruz Ingenier\u00eda","description":"SCi Olive - Santa Cruz Ingenier\u00eda Empresa de ingenier\u00eda con m\u00e1s de 20 a\u00f1os de experiencia en asesoramiento agron\u00f3mico e I+D en el sector del olivar. Optimizamos cultivos y procesos para obtener aceites de oliva de alta calidad, gestionando m\u00e1s de 1.000 hect\u00e1reas en C\u00f3rdoba, Sevilla, Huelva y Badajoz. Innovamos en gen\u00e9tica, extractos y sostenibilidad.","robots":{"index":"index","follow":"follow","max-snippet":"max-snippet:-1","max-image-preview":"max-image-preview:large","max-video-preview":"max-video-preview:-1"},"canonical":"https:\/\/sciolive.com\/en\/neocantal-eu\/","og_locale":"en_US","og_type":"article","og_title":"NEOCANTAL EU - SCi Olive - Santa Cruz Ingenier\u00eda","og_description":"SCi Olive - Santa Cruz Ingenier\u00eda Empresa de ingenier\u00eda con m\u00e1s de 20 a\u00f1os de experiencia en asesoramiento agron\u00f3mico e I+D en el sector del olivar. Optimizamos cultivos y procesos para obtener aceites de oliva de alta calidad, gestionando m\u00e1s de 1.000 hect\u00e1reas en C\u00f3rdoba, Sevilla, Huelva y Badajoz. Innovamos en gen\u00e9tica, extractos y sostenibilidad.","og_url":"https:\/\/sciolive.com\/en\/neocantal-eu\/","og_site_name":"SCi Olive - Santa Cruz Ingenier\u00eda","article_modified_time":"2024-01-29T18:48:45+00:00","twitter_card":"summary_large_image","twitter_misc":{"Est. reading time":"5 minutes"},"schema":{"@context":"https:\/\/schema.org","@graph":[{"@type":"WebPage","@id":"https:\/\/sciolive.com\/en\/neocantal-eu\/","url":"https:\/\/sciolive.com\/en\/neocantal-eu\/","name":"NEOCANTAL EU - SCi Olive - Santa Cruz Ingenier\u00eda","isPartOf":{"@id":"https:\/\/sciolive.com\/#website"},"datePublished":"2023-08-26T09:09:45+00:00","dateModified":"2024-01-29T18:48:45+00:00","description":"SCi Olive - Santa Cruz Ingenier\u00eda Empresa de ingenier\u00eda con m\u00e1s de 20 a\u00f1os de experiencia en asesoramiento agron\u00f3mico e I+D en el sector del olivar. Optimizamos cultivos y procesos para obtener aceites de oliva de alta calidad, gestionando m\u00e1s de 1.000 hect\u00e1reas en C\u00f3rdoba, Sevilla, Huelva y Badajoz. Innovamos en gen\u00e9tica, extractos y sostenibilidad.","breadcrumb":{"@id":"https:\/\/sciolive.com\/en\/neocantal-eu\/#breadcrumb"},"inLanguage":"en-US","potentialAction":[{"@type":"ReadAction","target":["https:\/\/sciolive.com\/en\/neocantal-eu\/"]}]},{"@type":"BreadcrumbList","@id":"https:\/\/sciolive.com\/en\/neocantal-eu\/#breadcrumb","itemListElement":[{"@type":"ListItem","position":1,"name":"Portada","item":"https:\/\/sciolive.com\/en\/"},{"@type":"ListItem","position":2,"name":"NEOCANTAL EU"}]},{"@type":"WebSite","@id":"https:\/\/sciolive.com\/#website","url":"https:\/\/sciolive.com\/","name":"SCi Olive - Santa Cruz Ingenier\u00eda","description":"Ingenier\u00eda verde","potentialAction":[{"@type":"SearchAction","target":{"@type":"EntryPoint","urlTemplate":"https:\/\/sciolive.com\/?s={search_term_string}"},"query-input":{"@type":"PropertyValueSpecification","valueRequired":true,"valueName":"search_term_string"}}],"inLanguage":"en-US"}]}},"_links":{"self":[{"href":"https:\/\/sciolive.com\/en\/wp-json\/wp\/v2\/pages\/6909","targetHints":{"allow":["GET"]}}],"collection":[{"href":"https:\/\/sciolive.com\/en\/wp-json\/wp\/v2\/pages"}],"about":[{"href":"https:\/\/sciolive.com\/en\/wp-json\/wp\/v2\/types\/page"}],"author":[{"embeddable":true,"href":"https:\/\/sciolive.com\/en\/wp-json\/wp\/v2\/users\/1"}],"replies":[{"embeddable":true,"href":"https:\/\/sciolive.com\/en\/wp-json\/wp\/v2\/comments?post=6909"}],"version-history":[{"count":4,"href":"https:\/\/sciolive.com\/en\/wp-json\/wp\/v2\/pages\/6909\/revisions"}],"predecessor-version":[{"id":6932,"href":"https:\/\/sciolive.com\/en\/wp-json\/wp\/v2\/pages\/6909\/revisions\/6932"}],"wp:attachment":[{"href":"https:\/\/sciolive.com\/en\/wp-json\/wp\/v2\/media?parent=6909"}],"curies":[{"name":"wp","href":"https:\/\/api.w.org\/{rel}","templated":true}]}}