{"id":6914,"date":"2023-09-01T08:20:17","date_gmt":"2023-09-01T08:20:17","guid":{"rendered":"https:\/\/sciolive.com\/neolivar-eu\/"},"modified":"2024-03-07T19:04:50","modified_gmt":"2024-03-07T19:04:50","slug":"neolivar-eu","status":"publish","type":"page","link":"https:\/\/sciolive.com\/en\/neolivar-eu\/","title":{"rendered":"NEOLIVAR EU"},"content":{"rendered":"<div class=\"wpb-content-wrapper\"><p>[vc_row full_width=&#8221;stretch_row_content_no_spaces&#8221; content_placement=&#8221;middle&#8221; parallax=&#8221;content-moving&#8221; parallax_image=&#8221;4640&#8243; css=&#8221;.vc_custom_1693480639986{margin-top: 0px !important;margin-right: 0px !important;margin-bottom: 0px !important;margin-left: 0px !important;border-top-width: 0px !important;border-right-width: 0px !important;border-bottom-width: 0px !important;border-left-width: 0px !important;padding-top: 0px !important;padding-right: 0px !important;padding-bottom: 0px !important;padding-left: 0px !important;}&#8221;][vc_column]<div class=\"eltdf-elements-holder   eltdf-one-column  eltdf-responsive-mode-768 \" ><div class=\"eltdf-eh-item     \"  data-item-class=\"eltdf-eh-custom-9094\" data-1366-1600=\"222px 0px 0px 0px\" data-1024-1366=\"222px 0px 0px 0px\" data-768-1024=\"222px 0px 0px 0px\" data-680-768=\"222px 0px 0px 0px\" data-680=\"22px 0 22px 0\">\n\t\t<div class=\"eltdf-eh-item-inner\">\n\t\t<div class=\"eltdf-eh-item-content eltdf-eh-custom-9094\" style=\"padding: 50px 0 220px 0\">\n\t\t\t\t\t<\/div>\n\t<\/div>\n<\/div>\n\n<\/div><div class=\"eltdf-section-title-holder  eltdf-st-standard eltdf-st-title-left eltdf-st-normal-space \" style=\"text-align: center\">\n\t<div class=\"eltdf-st-inner\">\n\t\t\t\t\t<h1 class=\"eltdf-st-title\" style=\"color: #ffffff\">\n\t\t\t\tR&amp;D PROJECTS \/ SCI Olive\t\t\t<\/h1>\n\t\t\t\t\t\t\t<div class=\"eltdf-separator-holder clearfix   \">\n\t<div class=\"eltdf-separator\" style=\"border-color: #ffffff;margin-bottom: 66px\"><\/div>\n<\/div>\n\t\t\t\t\t<\/div>\n<\/div>[\/vc_column][\/vc_row][vc_row row_content_width=&#8221;grid&#8221; css=&#8221;.vc_custom_1694713951089{margin-top: 5% !important;padding-bottom: 32px !important;}&#8221;][vc_column width=&#8221;1\/2&#8243; offset=&#8221;vc_col-lg-3 vc_col-md-3 vc_col-xs-12&#8243;][vc_empty_space height=&#8221;4px&#8221; css=&#8221;.vc_custom_1693471606233{margin-top: 9px !important;margin-bottom: 9px !important;border-top-width: 8px !important;border-bottom-width: 8px !important;padding-top: 8px !important;padding-bottom: 8px !important;}&#8221;][vc_empty_space height=&#8221;4px&#8221; css=&#8221;.vc_custom_1693471606233{margin-top: 9px !important;margin-bottom: 9px !important;border-top-width: 8px !important;border-bottom-width: 8px !important;padding-top: 8px !important;padding-bottom: 8px !important;}&#8221;][\/vc_column][vc_column offset=&#8221;vc_col-lg-9 vc_col-md-9 vc_col-xs-12&#8243; el_id=&#8221;MEJORA&#8221;]<div class=\"eltdf-elements-holder   eltdf-one-column  eltdf-responsive-mode-768 \" ><div class=\"eltdf-eh-item     \"  data-item-class=\"eltdf-eh-custom-4846\">\n\t\t<div class=\"eltdf-eh-item-inner\">\n\t\t<div class=\"eltdf-eh-item-content eltdf-eh-custom-4846\" >\n\t\t\t<div class=\"eltdf-section-title-holder  eltdf-st-standard eltdf-st-title-left eltdf-st-normal-space \" style=\"text-align: left\">\n\t<div class=\"eltdf-st-inner\">\n\t\t\t\t\t<h1 class=\"eltdf-st-title\" style=\"color: #080808\">\n\t\t\t\tNEOLIVAR EU\t\t\t<\/h1>\n\t\t\t\t\t\t\t<div class=\"eltdf-separator-holder clearfix   \">\n\t<div class=\"eltdf-separator\" style=\"margin-top: 9px;margin-bottom: -1px\"><\/div>\n<\/div>\n\t\t\t\t\t<\/div>\n<\/div>[vc_empty_space height=&#8221;7px&#8221;][vc_column_text]<\/p>\n<p class=\"p1\">The <strong>NEOLIVAR<\/strong> project focuses on the development of an innovative digital tool to address and resolve challenges related to the olive plant. The collaboration between three distinct companies: Santa Cruz Ingenier\u00eda, Making Web, and Dream Occasion, is shaping the &#8220;<strong>NEOLIVAR<\/strong>&#8221; software.<\/p>\n<p class=\"p1\">This software will integrate the combined expertise of the consortium and the most prominent literature to create an intelligent and powerful product. The central premise of <strong>NEOLIVAR <\/strong>is to intelligently address pests and diseases in olive plants. It will provide intelligent instructions to the technician on how to collect samples according to integrated agricultural practices, input the information into the software, and ultimately make decisions with the assistance of artificial intelligence. The &#8220;<strong>NEOLIVAR<\/strong>&#8221; software will automatically process the entered sample data and provide information about any risks or issues. In case of existence, the software will suggest to the user all possible solutions in detail.<\/p>\n<p>[\/vc_column_text][vc_empty_space height=&#8221;10px&#8221; css=&#8221;.vc_custom_1693471504280{margin-top: 10px !important;margin-bottom: 10px !important;border-top-width: 10px !important;border-bottom-width: 10px !important;padding-top: 10px !important;padding-bottom: 10px !important;}&#8221;][vc_single_image image=&#8221;5568&#8243; img_size=&#8221;1900 x 500&#8243;][vc_empty_space height=&#8221;7px&#8221; css=&#8221;.vc_custom_1693471241807{margin-top: 7px !important;margin-bottom: 7px !important;border-top-width: 7px !important;border-bottom-width: 7px !important;padding-top: 7px !important;padding-bottom: 7px !important;}&#8221;][vc_empty_space height=&#8221;10px&#8221; css=&#8221;.vc_custom_1693471504280{margin-top: 10px !important;margin-bottom: 10px !important;border-top-width: 10px !important;border-bottom-width: 10px !important;padding-top: 10px !important;padding-bottom: 10px !important;}&#8221;][vc_cta h2=&#8221;&#8221;]<\/p>\n<p class=\"p1\">By introducing this digital management practice in the olive sector, we hope to reduce costs, increase production and agricultural benefits, improve the quality of the final product, decrease chemical pollution in the environment, and promote sustainable agriculture.<\/p>\n<p class=\"p1\">In summary, we anticipate that the &#8220;<strong>NEOLIVAR<\/strong>&#8221; software will streamline the daily work of farmers and transform olive plant management into the digital era.<\/p>\n<p>[\/vc_cta][vc_empty_space height=&#8221;5px&#8221; css=&#8221;.vc_custom_1693556739932{margin-top: 5px !important;margin-bottom: 5px !important;border-top-width: 5px !important;border-bottom-width: 5px !important;padding-top: 5px !important;padding-bottom: 5px !important;}&#8221;][vc_btn title=&#8221;Go to NEOLIVAR&#8221; link=&#8221;url:https%3A%2F%2Fwww.neolivar.es%2F|title:https%3A%2F%2Fwww.neolivar.es%2F|target:_blank&#8221;]\t\t<\/div>\n\t<\/div>\n<\/div>\n\n<\/div>[vc_separator color=&#8221;orange&#8221; css=&#8221;.vc_custom_1684339007391{margin-top: 22px !important;}&#8221;][\/vc_column][\/vc_row]<\/p>\n<\/div>","protected":false},"excerpt":{"rendered":"<p>[vc_row full_width=&#8221;stretch_row_content_no_spaces&#8221; content_placement=&#8221;middle&#8221; parallax=&#8221;content-moving&#8221; parallax_image=&#8221;4640&#8243; css=&#8221;.vc_custom_1693480639986{margin-top: 0px !important;margin-right: 0px !important;margin-bottom: 0px !important;margin-left: 0px !important;border-top-width: 0px !important;border-right-width: 0px !important;border-bottom-width: 0px !important;border-left-width: 0px !important;padding-top: 0px !important;padding-right: 0px !important;padding-bottom: 0px !important;padding-left: 0px !important;}&#8221;][vc_column][\/vc_column][\/vc_row][vc_row row_content_width=&#8221;grid&#8221; css=&#8221;.vc_custom_1694713951089{margin-top: 5% !important;padding-bottom: 32px !important;}&#8221;][vc_column width=&#8221;1\/2&#8243; offset=&#8221;vc_col-lg-3 vc_col-md-3 vc_col-xs-12&#8243;][vc_empty_space [&hellip;]<\/p>\n","protected":false},"author":1,"featured_media":0,"parent":0,"menu_order":0,"comment_status":"closed","ping_status":"closed","template":"full-width.php","meta":{"footnotes":""},"class_list":["post-6914","page","type-page","status-publish","hentry"],"yoast_head":"<!-- This site is optimized with the Yoast SEO plugin v25.3 - https:\/\/yoast.com\/wordpress\/plugins\/seo\/ -->\n<title>NEOLIVAR EU - SCi Olive - Santa Cruz Ingenier\u00eda<\/title>\n<meta name=\"description\" content=\"SCi Olive - Santa Cruz Ingenier\u00eda Empresa de ingenier\u00eda con m\u00e1s de 20 a\u00f1os de experiencia en asesoramiento agron\u00f3mico e I+D en el sector del olivar. Optimizamos cultivos y procesos para obtener aceites de oliva de alta calidad, gestionando m\u00e1s de 1.000 hect\u00e1reas en C\u00f3rdoba, Sevilla, Huelva y Badajoz. Innovamos en gen\u00e9tica, extractos y sostenibilidad.\" \/>\n<meta name=\"robots\" content=\"index, follow, max-snippet:-1, max-image-preview:large, max-video-preview:-1\" \/>\n<link rel=\"canonical\" href=\"https:\/\/sciolive.com\/en\/neolivar-eu\/\" \/>\n<meta property=\"og:locale\" content=\"en_US\" \/>\n<meta property=\"og:type\" content=\"article\" \/>\n<meta property=\"og:title\" content=\"NEOLIVAR EU - SCi Olive - Santa Cruz Ingenier\u00eda\" \/>\n<meta property=\"og:description\" content=\"SCi Olive - Santa Cruz Ingenier\u00eda Empresa de ingenier\u00eda con m\u00e1s de 20 a\u00f1os de experiencia en asesoramiento agron\u00f3mico e I+D en el sector del olivar. Optimizamos cultivos y procesos para obtener aceites de oliva de alta calidad, gestionando m\u00e1s de 1.000 hect\u00e1reas en C\u00f3rdoba, Sevilla, Huelva y Badajoz. Innovamos en gen\u00e9tica, extractos y sostenibilidad.\" \/>\n<meta property=\"og:url\" content=\"https:\/\/sciolive.com\/en\/neolivar-eu\/\" \/>\n<meta property=\"og:site_name\" content=\"SCi Olive - Santa Cruz Ingenier\u00eda\" \/>\n<meta property=\"article:modified_time\" content=\"2024-03-07T19:04:50+00:00\" \/>\n<meta name=\"twitter:card\" content=\"summary_large_image\" \/>\n<meta name=\"twitter:label1\" content=\"Est. reading time\" \/>\n\t<meta name=\"twitter:data1\" content=\"3 minutes\" \/>\n<script type=\"application\/ld+json\" class=\"yoast-schema-graph\">{\"@context\":\"https:\/\/schema.org\",\"@graph\":[{\"@type\":\"WebPage\",\"@id\":\"https:\/\/sciolive.com\/en\/neolivar-eu\/\",\"url\":\"https:\/\/sciolive.com\/en\/neolivar-eu\/\",\"name\":\"NEOLIVAR EU - SCi Olive - Santa Cruz Ingenier\u00eda\",\"isPartOf\":{\"@id\":\"https:\/\/sciolive.com\/#website\"},\"datePublished\":\"2023-09-01T08:20:17+00:00\",\"dateModified\":\"2024-03-07T19:04:50+00:00\",\"description\":\"SCi Olive - Santa Cruz Ingenier\u00eda Empresa de ingenier\u00eda con m\u00e1s de 20 a\u00f1os de experiencia en asesoramiento agron\u00f3mico e I+D en el sector del olivar. Optimizamos cultivos y procesos para obtener aceites de oliva de alta calidad, gestionando m\u00e1s de 1.000 hect\u00e1reas en C\u00f3rdoba, Sevilla, Huelva y Badajoz. Innovamos en gen\u00e9tica, extractos y sostenibilidad.\",\"breadcrumb\":{\"@id\":\"https:\/\/sciolive.com\/en\/neolivar-eu\/#breadcrumb\"},\"inLanguage\":\"en-US\",\"potentialAction\":[{\"@type\":\"ReadAction\",\"target\":[\"https:\/\/sciolive.com\/en\/neolivar-eu\/\"]}]},{\"@type\":\"BreadcrumbList\",\"@id\":\"https:\/\/sciolive.com\/en\/neolivar-eu\/#breadcrumb\",\"itemListElement\":[{\"@type\":\"ListItem\",\"position\":1,\"name\":\"Portada\",\"item\":\"https:\/\/sciolive.com\/en\/\"},{\"@type\":\"ListItem\",\"position\":2,\"name\":\"NEOLIVAR EU\"}]},{\"@type\":\"WebSite\",\"@id\":\"https:\/\/sciolive.com\/#website\",\"url\":\"https:\/\/sciolive.com\/\",\"name\":\"SCi Olive - Santa Cruz Ingenier\u00eda\",\"description\":\"Ingenier\u00eda verde\",\"potentialAction\":[{\"@type\":\"SearchAction\",\"target\":{\"@type\":\"EntryPoint\",\"urlTemplate\":\"https:\/\/sciolive.com\/?s={search_term_string}\"},\"query-input\":{\"@type\":\"PropertyValueSpecification\",\"valueRequired\":true,\"valueName\":\"search_term_string\"}}],\"inLanguage\":\"en-US\"}]}<\/script>\n<!-- \/ Yoast SEO plugin. -->","yoast_head_json":{"title":"NEOLIVAR EU - SCi Olive - Santa Cruz Ingenier\u00eda","description":"SCi Olive - Santa Cruz Ingenier\u00eda Empresa de ingenier\u00eda con m\u00e1s de 20 a\u00f1os de experiencia en asesoramiento agron\u00f3mico e I+D en el sector del olivar. Optimizamos cultivos y procesos para obtener aceites de oliva de alta calidad, gestionando m\u00e1s de 1.000 hect\u00e1reas en C\u00f3rdoba, Sevilla, Huelva y Badajoz. Innovamos en gen\u00e9tica, extractos y sostenibilidad.","robots":{"index":"index","follow":"follow","max-snippet":"max-snippet:-1","max-image-preview":"max-image-preview:large","max-video-preview":"max-video-preview:-1"},"canonical":"https:\/\/sciolive.com\/en\/neolivar-eu\/","og_locale":"en_US","og_type":"article","og_title":"NEOLIVAR EU - SCi Olive - Santa Cruz Ingenier\u00eda","og_description":"SCi Olive - Santa Cruz Ingenier\u00eda Empresa de ingenier\u00eda con m\u00e1s de 20 a\u00f1os de experiencia en asesoramiento agron\u00f3mico e I+D en el sector del olivar. Optimizamos cultivos y procesos para obtener aceites de oliva de alta calidad, gestionando m\u00e1s de 1.000 hect\u00e1reas en C\u00f3rdoba, Sevilla, Huelva y Badajoz. Innovamos en gen\u00e9tica, extractos y sostenibilidad.","og_url":"https:\/\/sciolive.com\/en\/neolivar-eu\/","og_site_name":"SCi Olive - Santa Cruz Ingenier\u00eda","article_modified_time":"2024-03-07T19:04:50+00:00","twitter_card":"summary_large_image","twitter_misc":{"Est. reading time":"3 minutes"},"schema":{"@context":"https:\/\/schema.org","@graph":[{"@type":"WebPage","@id":"https:\/\/sciolive.com\/en\/neolivar-eu\/","url":"https:\/\/sciolive.com\/en\/neolivar-eu\/","name":"NEOLIVAR EU - SCi Olive - Santa Cruz Ingenier\u00eda","isPartOf":{"@id":"https:\/\/sciolive.com\/#website"},"datePublished":"2023-09-01T08:20:17+00:00","dateModified":"2024-03-07T19:04:50+00:00","description":"SCi Olive - Santa Cruz Ingenier\u00eda Empresa de ingenier\u00eda con m\u00e1s de 20 a\u00f1os de experiencia en asesoramiento agron\u00f3mico e I+D en el sector del olivar. Optimizamos cultivos y procesos para obtener aceites de oliva de alta calidad, gestionando m\u00e1s de 1.000 hect\u00e1reas en C\u00f3rdoba, Sevilla, Huelva y Badajoz. Innovamos en gen\u00e9tica, extractos y sostenibilidad.","breadcrumb":{"@id":"https:\/\/sciolive.com\/en\/neolivar-eu\/#breadcrumb"},"inLanguage":"en-US","potentialAction":[{"@type":"ReadAction","target":["https:\/\/sciolive.com\/en\/neolivar-eu\/"]}]},{"@type":"BreadcrumbList","@id":"https:\/\/sciolive.com\/en\/neolivar-eu\/#breadcrumb","itemListElement":[{"@type":"ListItem","position":1,"name":"Portada","item":"https:\/\/sciolive.com\/en\/"},{"@type":"ListItem","position":2,"name":"NEOLIVAR EU"}]},{"@type":"WebSite","@id":"https:\/\/sciolive.com\/#website","url":"https:\/\/sciolive.com\/","name":"SCi Olive - Santa Cruz Ingenier\u00eda","description":"Ingenier\u00eda verde","potentialAction":[{"@type":"SearchAction","target":{"@type":"EntryPoint","urlTemplate":"https:\/\/sciolive.com\/?s={search_term_string}"},"query-input":{"@type":"PropertyValueSpecification","valueRequired":true,"valueName":"search_term_string"}}],"inLanguage":"en-US"}]}},"_links":{"self":[{"href":"https:\/\/sciolive.com\/en\/wp-json\/wp\/v2\/pages\/6914","targetHints":{"allow":["GET"]}}],"collection":[{"href":"https:\/\/sciolive.com\/en\/wp-json\/wp\/v2\/pages"}],"about":[{"href":"https:\/\/sciolive.com\/en\/wp-json\/wp\/v2\/types\/page"}],"author":[{"embeddable":true,"href":"https:\/\/sciolive.com\/en\/wp-json\/wp\/v2\/users\/1"}],"replies":[{"embeddable":true,"href":"https:\/\/sciolive.com\/en\/wp-json\/wp\/v2\/comments?post=6914"}],"version-history":[{"count":2,"href":"https:\/\/sciolive.com\/en\/wp-json\/wp\/v2\/pages\/6914\/revisions"}],"predecessor-version":[{"id":6976,"href":"https:\/\/sciolive.com\/en\/wp-json\/wp\/v2\/pages\/6914\/revisions\/6976"}],"wp:attachment":[{"href":"https:\/\/sciolive.com\/en\/wp-json\/wp\/v2\/media?parent=6914"}],"curies":[{"name":"wp","href":"https:\/\/api.w.org\/{rel}","templated":true}]}}