{"id":6921,"date":"2023-09-01T08:42:21","date_gmt":"2023-09-01T08:42:21","guid":{"rendered":"https:\/\/sciolive.com\/origen\/"},"modified":"2024-03-04T11:04:00","modified_gmt":"2024-03-04T11:04:00","slug":"origen","status":"publish","type":"page","link":"https:\/\/sciolive.com\/en\/origen\/","title":{"rendered":"ORIGEN"},"content":{"rendered":"<div class=\"wpb-content-wrapper\"><p>[vc_row full_width=&#8221;stretch_row_content_no_spaces&#8221; content_placement=&#8221;middle&#8221; parallax=&#8221;content-moving&#8221; parallax_image=&#8221;4640&#8243; css=&#8221;.vc_custom_1693480639986{margin-top: 0px !important;margin-right: 0px !important;margin-bottom: 0px !important;margin-left: 0px !important;border-top-width: 0px !important;border-right-width: 0px !important;border-bottom-width: 0px !important;border-left-width: 0px !important;padding-top: 0px !important;padding-right: 0px !important;padding-bottom: 0px !important;padding-left: 0px !important;}&#8221;][vc_column]<div class=\"eltdf-elements-holder   eltdf-one-column  eltdf-responsive-mode-768 \" ><div class=\"eltdf-eh-item     \"  data-item-class=\"eltdf-eh-custom-5096\" data-1366-1600=\"222px 0px 0px 0px\" data-1024-1366=\"222px 0px 0px 0px\" data-768-1024=\"222px 0px 0px 0px\" data-680-768=\"222px 0px 0px 0px\" data-680=\"22px 0 22px 0\">\n\t\t<div class=\"eltdf-eh-item-inner\">\n\t\t<div class=\"eltdf-eh-item-content eltdf-eh-custom-5096\" style=\"padding: 50px 0 220px 0\">\n\t\t\t\t\t<\/div>\n\t<\/div>\n<\/div>\n\n<\/div><div class=\"eltdf-section-title-holder  eltdf-st-standard eltdf-st-title-left eltdf-st-normal-space \" style=\"text-align: center\">\n\t<div class=\"eltdf-st-inner\">\n\t\t\t\t\t<h1 class=\"eltdf-st-title\" style=\"color: #ffffff\">\n\t\t\t\tR&amp;D PROJECTS \/ SCI Olive\t\t\t<\/h1>\n\t\t\t\t\t\t\t<div class=\"eltdf-separator-holder clearfix   \">\n\t<div class=\"eltdf-separator\" style=\"border-color: #ffffff;margin-bottom: 66px\"><\/div>\n<\/div>\n\t\t\t\t\t<\/div>\n<\/div>[\/vc_column][\/vc_row][vc_row row_content_width=&#8221;grid&#8221; css=&#8221;.vc_custom_1694714012839{margin-top: 5% !important;padding-bottom: 32px !important;}&#8221;][vc_column width=&#8221;1\/2&#8243; offset=&#8221;vc_col-lg-3 vc_col-md-3 vc_col-xs-12&#8243;][vc_empty_space height=&#8221;4px&#8221; css=&#8221;.vc_custom_1693471606233{margin-top: 9px !important;margin-bottom: 9px !important;border-top-width: 8px !important;border-bottom-width: 8px !important;padding-top: 8px !important;padding-bottom: 8px !important;}&#8221;][vc_empty_space height=&#8221;4px&#8221; css=&#8221;.vc_custom_1693471606233{margin-top: 9px !important;margin-bottom: 9px !important;border-top-width: 8px !important;border-bottom-width: 8px !important;padding-top: 8px !important;padding-bottom: 8px !important;}&#8221;][\/vc_column][vc_column offset=&#8221;vc_col-lg-9 vc_col-md-9 vc_col-xs-12&#8243; el_id=&#8221;MEJORA&#8221;]<div class=\"eltdf-elements-holder   eltdf-one-column  eltdf-responsive-mode-768 \" ><div class=\"eltdf-eh-item     \"  data-item-class=\"eltdf-eh-custom-6108\">\n\t\t<div class=\"eltdf-eh-item-inner\">\n\t\t<div class=\"eltdf-eh-item-content eltdf-eh-custom-6108\" >\n\t\t\t<div class=\"eltdf-section-title-holder  eltdf-st-standard eltdf-st-title-left eltdf-st-normal-space \" style=\"text-align: left\">\n\t<div class=\"eltdf-st-inner\">\n\t\t\t\t\t<h1 class=\"eltdf-st-title\" style=\"color: #080808\">\n\t\t\t\tORIGEN\t\t\t<\/h1>\n\t\t\t\t\t\t\t<div class=\"eltdf-separator-holder clearfix   \">\n\t<div class=\"eltdf-separator\" style=\"margin-top: 9px;margin-bottom: -1px\"><\/div>\n<\/div>\n\t\t\t\t\t<\/div>\n<\/div>[vc_empty_space height=&#8221;7px&#8221;][vc_column_text]The main purpose of the ORIGEN project is to revitalize the <strong>profitability and competitiveness of table olive cultivation in Andalusia,<\/strong>ensuring benefits for all stakeholders in the value chain, from farmers to consumers, including industrial players and auxiliary companies.<\/p>\n<ul>\n<li><strong>Genetic Improvement of Olive for Table Olive.<\/strong> The aim is to advance in the genetic improvement process of the olive tree, with the purpose of identifying new varieties of table olives adapted to the mechanization of cultivation.<\/li>\n<li><strong>Innovation in olive cultivation processes.<\/strong>. The goal is to advance research aimed at transforming olive cultivation through the implementation of mechanized methods.<\/li>\n<li><strong>Optimization of industrial processes<\/strong>. The objective is to optimize specific industrial processes related to the production and preservation of olive oil with the aim of developing innovative products of superior quality, with added health and nutritional benefits. We ensure the quality, safety, and extended shelf life of these products, thus redefining excellence standards in the industry.<\/li>\n<\/ul>\n<p>[\/vc_column_text][vc_empty_space height=&#8221;10px&#8221; css=&#8221;.vc_custom_1693471504280{margin-top: 10px !important;margin-bottom: 10px !important;border-top-width: 10px !important;border-bottom-width: 10px !important;padding-top: 10px !important;padding-bottom: 10px !important;}&#8221;][vc_single_image image=&#8221;5570&#8243; img_size=&#8221;1900 x 500&#8243;][vc_empty_space height=&#8221;7px&#8221; css=&#8221;.vc_custom_1693471241807{margin-top: 7px !important;margin-bottom: 7px !important;border-top-width: 7px !important;border-bottom-width: 7px !important;padding-top: 7px !important;padding-bottom: 7px !important;}&#8221;][vc_cta h2=&#8221;&#8221;]SCi Olive se marca como objetivos espec\u00edficos os siguientes:<\/p>\n<ul>\n<li><strong>Evaluar y seleccionar<\/strong> los candidatos a convertirse en nuevas variedades de aceituna de mesa de entre los individuos preseleccionados procedentes del campo de ensayo de variedades de olivo de SCi Olive.<\/li>\n<li>Selecci\u00f3n de parentales para la obtenci\u00f3n de <strong>nuevos cruzamientos<\/strong> en el programa de mejora de <strong>ORIGEN<\/strong>.<\/li>\n<li>Dise\u00f1o de un sistema de <strong>concentraci\u00f3n de polifenoles<\/strong> procedentes del alperujo para su futuro uso en industria cosm\u00e9tica y otras \u00e1reas de inter\u00e9s.<\/li>\n<\/ul>\n<p>[\/vc_cta][vc_empty_space height=&#8221;7px&#8221; css=&#8221;.vc_custom_1693471241807{margin-top: 7px !important;margin-bottom: 7px !important;border-top-width: 7px !important;border-bottom-width: 7px !important;padding-top: 7px !important;padding-bottom: 7px !important;}&#8221;][vc_cta h2=&#8221;&#8221; style=&#8221;outline&#8221; color=&#8221;grey&#8221;]SCi Olive has been a beneficiary of an incentive from the Innovation and Development Agency of Andaluc\u00eda (IDEA), under the Andaluc\u00eda Regional Government, amounting to \u20ac167.853,84. This funding is co-financed up to 75% by the European Union through the European Regional Development Fund (FEDER) for the implementation of the project: <strong>&#8220;MECHANIZATION OF THE TABLE OLIVE INDUSTRY: THE ORIGIN OF A SUSTAINABLE SYSTEM (ORIGEN, 802C2000026).&#8221;<\/strong> This project is framed within the Order of June 5, 2017, which establishes the regulatory bases for granting subsidies under a non-competitive competition regime to companies. These subsidies aim to promote industrial development, enhance competitiveness, drive digital transformation, and stimulate job creation in Andaluc\u00eda during the period 2017-2020. The main objectives of this initiative are:<\/p>\n<ol>\n<li><strong><em>Achieve a more competitive business fabric<\/em><\/strong><\/li>\n<li><strong><em>Promote technological development, innovation, and high-quality research.<\/em><\/strong>.<\/li>\n<li><strong><strong><em>Ensure a better use of information technologies<\/em><\/strong><\/strong><img loading=\"lazy\" decoding=\"async\" class=\"aligncenter wp-image-5561 size-full\" src=\"https:\/\/sciolive.com\/wp-content\/uploads\/2023\/09\/origen-pie.jpg\" alt=\"\" width=\"1900\" height=\"281\" srcset=\"https:\/\/sciolive.com\/wp-content\/uploads\/2023\/09\/origen-pie.jpg 1900w, https:\/\/sciolive.com\/wp-content\/uploads\/2023\/09\/origen-pie-300x44.jpg 300w, https:\/\/sciolive.com\/wp-content\/uploads\/2023\/09\/origen-pie-1024x151.jpg 1024w, https:\/\/sciolive.com\/wp-content\/uploads\/2023\/09\/origen-pie-768x114.jpg 768w, https:\/\/sciolive.com\/wp-content\/uploads\/2023\/09\/origen-pie-1536x227.jpg 1536w\" sizes=\"auto, (max-width: 1900px) 100vw, 1900px\" \/><\/li>\n<\/ol>\n<p>[\/vc_cta]\t\t<\/div>\n\t<\/div>\n<\/div>\n\n<\/div>[vc_separator color=&#8221;orange&#8221; css=&#8221;.vc_custom_1684339007391{margin-top: 22px !important;}&#8221;][\/vc_column][\/vc_row]<\/p>\n<\/div>","protected":false},"excerpt":{"rendered":"<p>[vc_row full_width=&#8221;stretch_row_content_no_spaces&#8221; content_placement=&#8221;middle&#8221; parallax=&#8221;content-moving&#8221; parallax_image=&#8221;4640&#8243; css=&#8221;.vc_custom_1693480639986{margin-top: 0px !important;margin-right: 0px !important;margin-bottom: 0px !important;margin-left: 0px !important;border-top-width: 0px !important;border-right-width: 0px !important;border-bottom-width: 0px !important;border-left-width: 0px !important;padding-top: 0px !important;padding-right: 0px !important;padding-bottom: 0px !important;padding-left: 0px !important;}&#8221;][vc_column][\/vc_column][\/vc_row][vc_row row_content_width=&#8221;grid&#8221; css=&#8221;.vc_custom_1694714012839{margin-top: 5% !important;padding-bottom: 32px !important;}&#8221;][vc_column width=&#8221;1\/2&#8243; offset=&#8221;vc_col-lg-3 vc_col-md-3 vc_col-xs-12&#8243;][vc_empty_space [&hellip;]<\/p>\n","protected":false},"author":1,"featured_media":0,"parent":0,"menu_order":0,"comment_status":"closed","ping_status":"closed","template":"full-width.php","meta":{"footnotes":""},"class_list":["post-6921","page","type-page","status-publish","hentry"],"yoast_head":"<!-- This site is optimized with the Yoast SEO plugin v25.3 - https:\/\/yoast.com\/wordpress\/plugins\/seo\/ -->\n<title>ORIGEN - SCi Olive - Santa Cruz Ingenier\u00eda<\/title>\n<meta name=\"description\" content=\"SCi Olive - Santa Cruz Ingenier\u00eda Empresa de ingenier\u00eda con m\u00e1s de 20 a\u00f1os de experiencia en asesoramiento agron\u00f3mico e I+D en el sector del olivar. Optimizamos cultivos y procesos para obtener aceites de oliva de alta calidad, gestionando m\u00e1s de 1.000 hect\u00e1reas en C\u00f3rdoba, Sevilla, Huelva y Badajoz. Innovamos en gen\u00e9tica, extractos y sostenibilidad.\" \/>\n<meta name=\"robots\" content=\"index, follow, max-snippet:-1, max-image-preview:large, max-video-preview:-1\" \/>\n<link rel=\"canonical\" href=\"https:\/\/sciolive.com\/en\/origen\/\" \/>\n<meta property=\"og:locale\" content=\"en_US\" \/>\n<meta property=\"og:type\" content=\"article\" \/>\n<meta property=\"og:title\" content=\"ORIGEN - SCi Olive - Santa Cruz Ingenier\u00eda\" \/>\n<meta property=\"og:description\" content=\"SCi Olive - Santa Cruz Ingenier\u00eda Empresa de ingenier\u00eda con m\u00e1s de 20 a\u00f1os de experiencia en asesoramiento agron\u00f3mico e I+D en el sector del olivar. Optimizamos cultivos y procesos para obtener aceites de oliva de alta calidad, gestionando m\u00e1s de 1.000 hect\u00e1reas en C\u00f3rdoba, Sevilla, Huelva y Badajoz. Innovamos en gen\u00e9tica, extractos y sostenibilidad.\" \/>\n<meta property=\"og:url\" content=\"https:\/\/sciolive.com\/en\/origen\/\" \/>\n<meta property=\"og:site_name\" content=\"SCi Olive - Santa Cruz Ingenier\u00eda\" \/>\n<meta property=\"article:modified_time\" content=\"2024-03-04T11:04:00+00:00\" \/>\n<meta property=\"og:image\" content=\"https:\/\/sciolive.com\/wp-content\/uploads\/2023\/09\/origen-pie.jpg\" \/>\n<meta name=\"twitter:card\" content=\"summary_large_image\" \/>\n<meta name=\"twitter:label1\" content=\"Est. reading time\" \/>\n\t<meta name=\"twitter:data1\" content=\"3 minutes\" \/>\n<script type=\"application\/ld+json\" class=\"yoast-schema-graph\">{\"@context\":\"https:\/\/schema.org\",\"@graph\":[{\"@type\":\"WebPage\",\"@id\":\"https:\/\/sciolive.com\/en\/origen\/\",\"url\":\"https:\/\/sciolive.com\/en\/origen\/\",\"name\":\"ORIGEN - SCi Olive - Santa Cruz Ingenier\u00eda\",\"isPartOf\":{\"@id\":\"https:\/\/sciolive.com\/#website\"},\"primaryImageOfPage\":{\"@id\":\"https:\/\/sciolive.com\/en\/origen\/#primaryimage\"},\"image\":{\"@id\":\"https:\/\/sciolive.com\/en\/origen\/#primaryimage\"},\"thumbnailUrl\":\"https:\/\/sciolive.com\/wp-content\/uploads\/2023\/09\/origen-pie.jpg\",\"datePublished\":\"2023-09-01T08:42:21+00:00\",\"dateModified\":\"2024-03-04T11:04:00+00:00\",\"description\":\"SCi Olive - Santa Cruz Ingenier\u00eda Empresa de ingenier\u00eda con m\u00e1s de 20 a\u00f1os de experiencia en asesoramiento agron\u00f3mico e I+D en el sector del olivar. Optimizamos cultivos y procesos para obtener aceites de oliva de alta calidad, gestionando m\u00e1s de 1.000 hect\u00e1reas en C\u00f3rdoba, Sevilla, Huelva y Badajoz. Innovamos en gen\u00e9tica, extractos y sostenibilidad.\",\"breadcrumb\":{\"@id\":\"https:\/\/sciolive.com\/en\/origen\/#breadcrumb\"},\"inLanguage\":\"en-US\",\"potentialAction\":[{\"@type\":\"ReadAction\",\"target\":[\"https:\/\/sciolive.com\/en\/origen\/\"]}]},{\"@type\":\"ImageObject\",\"inLanguage\":\"en-US\",\"@id\":\"https:\/\/sciolive.com\/en\/origen\/#primaryimage\",\"url\":\"https:\/\/sciolive.com\/wp-content\/uploads\/2023\/09\/origen-pie.jpg\",\"contentUrl\":\"https:\/\/sciolive.com\/wp-content\/uploads\/2023\/09\/origen-pie.jpg\"},{\"@type\":\"BreadcrumbList\",\"@id\":\"https:\/\/sciolive.com\/en\/origen\/#breadcrumb\",\"itemListElement\":[{\"@type\":\"ListItem\",\"position\":1,\"name\":\"Portada\",\"item\":\"https:\/\/sciolive.com\/en\/\"},{\"@type\":\"ListItem\",\"position\":2,\"name\":\"ORIGEN\"}]},{\"@type\":\"WebSite\",\"@id\":\"https:\/\/sciolive.com\/#website\",\"url\":\"https:\/\/sciolive.com\/\",\"name\":\"SCi Olive - Santa Cruz Ingenier\u00eda\",\"description\":\"Ingenier\u00eda verde\",\"potentialAction\":[{\"@type\":\"SearchAction\",\"target\":{\"@type\":\"EntryPoint\",\"urlTemplate\":\"https:\/\/sciolive.com\/?s={search_term_string}\"},\"query-input\":{\"@type\":\"PropertyValueSpecification\",\"valueRequired\":true,\"valueName\":\"search_term_string\"}}],\"inLanguage\":\"en-US\"}]}<\/script>\n<!-- \/ Yoast SEO plugin. -->","yoast_head_json":{"title":"ORIGEN - SCi Olive - Santa Cruz Ingenier\u00eda","description":"SCi Olive - Santa Cruz Ingenier\u00eda Empresa de ingenier\u00eda con m\u00e1s de 20 a\u00f1os de experiencia en asesoramiento agron\u00f3mico e I+D en el sector del olivar. Optimizamos cultivos y procesos para obtener aceites de oliva de alta calidad, gestionando m\u00e1s de 1.000 hect\u00e1reas en C\u00f3rdoba, Sevilla, Huelva y Badajoz. Innovamos en gen\u00e9tica, extractos y sostenibilidad.","robots":{"index":"index","follow":"follow","max-snippet":"max-snippet:-1","max-image-preview":"max-image-preview:large","max-video-preview":"max-video-preview:-1"},"canonical":"https:\/\/sciolive.com\/en\/origen\/","og_locale":"en_US","og_type":"article","og_title":"ORIGEN - SCi Olive - Santa Cruz Ingenier\u00eda","og_description":"SCi Olive - Santa Cruz Ingenier\u00eda Empresa de ingenier\u00eda con m\u00e1s de 20 a\u00f1os de experiencia en asesoramiento agron\u00f3mico e I+D en el sector del olivar. Optimizamos cultivos y procesos para obtener aceites de oliva de alta calidad, gestionando m\u00e1s de 1.000 hect\u00e1reas en C\u00f3rdoba, Sevilla, Huelva y Badajoz. Innovamos en gen\u00e9tica, extractos y sostenibilidad.","og_url":"https:\/\/sciolive.com\/en\/origen\/","og_site_name":"SCi Olive - Santa Cruz Ingenier\u00eda","article_modified_time":"2024-03-04T11:04:00+00:00","og_image":[{"url":"https:\/\/sciolive.com\/wp-content\/uploads\/2023\/09\/origen-pie.jpg","type":"","width":"","height":""}],"twitter_card":"summary_large_image","twitter_misc":{"Est. reading time":"3 minutes"},"schema":{"@context":"https:\/\/schema.org","@graph":[{"@type":"WebPage","@id":"https:\/\/sciolive.com\/en\/origen\/","url":"https:\/\/sciolive.com\/en\/origen\/","name":"ORIGEN - SCi Olive - Santa Cruz Ingenier\u00eda","isPartOf":{"@id":"https:\/\/sciolive.com\/#website"},"primaryImageOfPage":{"@id":"https:\/\/sciolive.com\/en\/origen\/#primaryimage"},"image":{"@id":"https:\/\/sciolive.com\/en\/origen\/#primaryimage"},"thumbnailUrl":"https:\/\/sciolive.com\/wp-content\/uploads\/2023\/09\/origen-pie.jpg","datePublished":"2023-09-01T08:42:21+00:00","dateModified":"2024-03-04T11:04:00+00:00","description":"SCi Olive - Santa Cruz Ingenier\u00eda Empresa de ingenier\u00eda con m\u00e1s de 20 a\u00f1os de experiencia en asesoramiento agron\u00f3mico e I+D en el sector del olivar. Optimizamos cultivos y procesos para obtener aceites de oliva de alta calidad, gestionando m\u00e1s de 1.000 hect\u00e1reas en C\u00f3rdoba, Sevilla, Huelva y Badajoz. Innovamos en gen\u00e9tica, extractos y sostenibilidad.","breadcrumb":{"@id":"https:\/\/sciolive.com\/en\/origen\/#breadcrumb"},"inLanguage":"en-US","potentialAction":[{"@type":"ReadAction","target":["https:\/\/sciolive.com\/en\/origen\/"]}]},{"@type":"ImageObject","inLanguage":"en-US","@id":"https:\/\/sciolive.com\/en\/origen\/#primaryimage","url":"https:\/\/sciolive.com\/wp-content\/uploads\/2023\/09\/origen-pie.jpg","contentUrl":"https:\/\/sciolive.com\/wp-content\/uploads\/2023\/09\/origen-pie.jpg"},{"@type":"BreadcrumbList","@id":"https:\/\/sciolive.com\/en\/origen\/#breadcrumb","itemListElement":[{"@type":"ListItem","position":1,"name":"Portada","item":"https:\/\/sciolive.com\/en\/"},{"@type":"ListItem","position":2,"name":"ORIGEN"}]},{"@type":"WebSite","@id":"https:\/\/sciolive.com\/#website","url":"https:\/\/sciolive.com\/","name":"SCi Olive - Santa Cruz Ingenier\u00eda","description":"Ingenier\u00eda verde","potentialAction":[{"@type":"SearchAction","target":{"@type":"EntryPoint","urlTemplate":"https:\/\/sciolive.com\/?s={search_term_string}"},"query-input":{"@type":"PropertyValueSpecification","valueRequired":true,"valueName":"search_term_string"}}],"inLanguage":"en-US"}]}},"_links":{"self":[{"href":"https:\/\/sciolive.com\/en\/wp-json\/wp\/v2\/pages\/6921","targetHints":{"allow":["GET"]}}],"collection":[{"href":"https:\/\/sciolive.com\/en\/wp-json\/wp\/v2\/pages"}],"about":[{"href":"https:\/\/sciolive.com\/en\/wp-json\/wp\/v2\/types\/page"}],"author":[{"embeddable":true,"href":"https:\/\/sciolive.com\/en\/wp-json\/wp\/v2\/users\/1"}],"replies":[{"embeddable":true,"href":"https:\/\/sciolive.com\/en\/wp-json\/wp\/v2\/comments?post=6921"}],"version-history":[{"count":1,"href":"https:\/\/sciolive.com\/en\/wp-json\/wp\/v2\/pages\/6921\/revisions"}],"predecessor-version":[{"id":6967,"href":"https:\/\/sciolive.com\/en\/wp-json\/wp\/v2\/pages\/6921\/revisions\/6967"}],"wp:attachment":[{"href":"https:\/\/sciolive.com\/en\/wp-json\/wp\/v2\/media?parent=6921"}],"curies":[{"name":"wp","href":"https:\/\/api.w.org\/{rel}","templated":true}]}}